{"id":1053,"date":"2019-07-09T13:15:08","date_gmt":"2019-07-09T15:15:08","guid":{"rendered":"http:\/\/annemariecamus.erleko.eu\/wordpress\/?page_id=1053"},"modified":"2019-11-12T12:27:34","modified_gmt":"2019-11-12T14:27:34","slug":"extraits","status":"publish","type":"page","link":"http:\/\/annemariecamus.erleko.eu\/wordpress\/?page_id=1053","title":{"rendered":"Extraits"},"content":{"rendered":"\n<p> Extraits du Faubourg des Coups de Trique, d&rsquo;apr\u00e8s l\u2019\u0153uvre d&rsquo;Alain Gerber, adapt\u00e9 et mis en sc\u00e8ne par Charles Gimat.<\/p>\n\n\n\n<p> La com\u00e9dienne Anne-Marie Camus \u00e0 l&rsquo;Atelier des Chalets (Toulouse)- septembre 2019  <\/p>\n\n\n\n<p><\/p>\n\n\n\n<p><a href=\"https:\/\/youtu.be\/bfznBzCZAzo \">Vid\u00e9o disponible ici<\/a><\/p>\n","protected":false},"excerpt":{"rendered":"<p>Extraits du Faubourg des Coups de Trique, d&rsquo;apr\u00e8s l\u2019\u0153uvre d&rsquo;Alain Gerber, adapt\u00e9 et mis en sc\u00e8ne par Charles Gimat. La com\u00e9dienne Anne-Marie Camus \u00e0 l&rsquo;Atelier des Chalets (Toulouse)- septembre 2019 Vid\u00e9o disponible ici<\/p>\n","protected":false},"author":1,"featured_media":0,"parent":0,"menu_order":0,"comment_status":"closed","ping_status":"closed","template":"","meta":{"footnotes":""},"_links":{"self":[{"href":"http:\/\/annemariecamus.erleko.eu\/wordpress\/index.php?rest_route=\/wp\/v2\/pages\/1053"}],"collection":[{"href":"http:\/\/annemariecamus.erleko.eu\/wordpress\/index.php?rest_route=\/wp\/v2\/pages"}],"about":[{"href":"http:\/\/annemariecamus.erleko.eu\/wordpress\/index.php?rest_route=\/wp\/v2\/types\/page"}],"author":[{"embeddable":true,"href":"http:\/\/annemariecamus.erleko.eu\/wordpress\/index.php?rest_route=\/wp\/v2\/users\/1"}],"replies":[{"embeddable":true,"href":"http:\/\/annemariecamus.erleko.eu\/wordpress\/index.php?rest_route=%2Fwp%2Fv2%2Fcomments&post=1053"}],"version-history":[{"count":12,"href":"http:\/\/annemariecamus.erleko.eu\/wordpress\/index.php?rest_route=\/wp\/v2\/pages\/1053\/revisions"}],"predecessor-version":[{"id":1073,"href":"http:\/\/annemariecamus.erleko.eu\/wordpress\/index.php?rest_route=\/wp\/v2\/pages\/1053\/revisions\/1073"}],"wp:attachment":[{"href":"http:\/\/annemariecamus.erleko.eu\/wordpress\/index.php?rest_route=%2Fwp%2Fv2%2Fmedia&parent=1053"}],"curies":[{"name":"wp","href":"https:\/\/api.w.org\/{rel}","templated":true}]}}