{"id":111,"date":"2013-10-16T16:18:12","date_gmt":"2013-10-16T14:18:12","guid":{"rendered":"http:\/\/127.0.0.1:4001\/wordpress\/?page_id=111"},"modified":"2014-11-16T14:33:27","modified_gmt":"2014-11-16T16:33:27","slug":"theatre-et-societe","status":"publish","type":"page","link":"http:\/\/annemariecamus.erleko.eu\/wordpress\/?page_id=111","title":{"rendered":"Th\u00e9\u00e2tre et soci\u00e9t\u00e9"},"content":{"rendered":"<p style=\"text-align: justify;\"><span style=\"color: #000000; font-family: andale mono,times;\"><span style=\"color: #3366ff;\"><strong>350 repr\u00e9sentations depuis 2000 en tant que com\u00e9dienne,<\/strong> <\/span>pour les th\u00e9\u00e2tre-forums cr\u00e9\u00e9s par\u00a0 <strong>T<\/strong>h\u00e9\u00e2tre<strong> S<\/strong>ans<strong> F<\/strong>ronti\u00e8re, relais depuis 1984 en Midi Pyr\u00e9n\u00e9es du Th\u00e9\u00e2tre de l&rsquo;Opprim\u00e9 [fond\u00e9 par Augusto Boal].<\/span><\/p>\n<p style=\"text-align: justify;\"><span style=\"color: #000000; font-family: andale mono,times;\"><span style=\"color: #3366ff;\"><span style=\"color: #000000;\">Les contenus des spectacles permettent d&rsquo;<\/span><\/span><span style=\"color: #3366ff;\"><strong>aborder des sujets difficiles<\/strong><\/span><span style=\"color: #3366ff;\">,<\/span> li\u00e9s \u00e0 la pr\u00e9vention des conduites addictives, les MST, alcoolisme et milieu de travail, accidents de la route, racisme, sexisme, x\u00e9nophobie, sexualit\u00e9 chez les adolescents, droit des femmes, la parentalit\u00e9, violences et nouvelles technologies, etc<\/span><\/p>\n<ul style=\"list-style-type: circle;\">\n<li><span style=\"color: #000000;\"><span style=\"font-family: andale mono,times;\"><strong>\u00ab\u00a0Quand je veux j&rsquo;arr\u00eate\u00a0\u00bb<\/strong><\/span><\/span><\/li>\n<\/ul>\n<ul style=\"list-style-type: circle;\">\n<li><span style=\"color: #000000; font-family: andale mono,times;\">\u00ab\u00a0<b>L&rsquo;histoire de deux qui s&rsquo;aiment\u00a0\u00bb<\/b><\/span><\/li>\n<\/ul>\n<ul style=\"list-style-type: circle;\">\n<li><span style=\"color: #000000; font-family: andale mono,times;\">\u00a0<b>\u00ab\u00a0S&rsquo;il fallait se priver de tout\u00a0\u00bb<\/b><\/span><\/li>\n<\/ul>\n<ul style=\"list-style-type: circle;\">\n<li><span style=\"color: #000000; font-family: andale mono,times;\"><b>\u00ab\u00a0Cuite de chantier\u00a0\u00bb <\/b><\/span><\/li>\n<\/ul>\n<ul style=\"list-style-type: circle;\">\n<li><span style=\"color: #000000; font-family: andale mono,times;\"><b>\u00ab\u00a0Tu n&rsquo;es pas comme moi puisque tu ne fais pas comme moi\u00a0\u00bb <\/b><b>\u00a0<\/b><\/span><\/li>\n<\/ul>\n<ul style=\"list-style-type: circle;\">\n<li><span style=\"color: #000000; font-family: andale mono,times;\"><b>\u00ab\u00a0Parlez-moi d&rsquo;amour\u00a0\u00bb<\/b><\/span><\/li>\n<\/ul>\n<ul style=\"list-style-type: circle;\">\n<li><span style=\"color: #000000; font-family: andale mono,times;\"><b>\u00ab\u00a0Conduites ordinaires\u00a0\u00bb<\/b><\/span><\/li>\n<\/ul>\n<ul style=\"list-style-type: circle;\">\n<li><span style=\"font-family: andale mono,times;\"><b>\u00ab Le corbeau nouveau est arriv\u00e9\u00a0\u00bb<\/b><\/span><\/li>\n<\/ul>\n<ul style=\"list-style-type: circle;\">\n<li><span style=\"font-family: andale mono,times;\"><b>\u00abTRAGOS\u00bb<\/b>, R\u00f4le d&rsquo;Antigone et r\u00f4le de la nourrice dans \u00ab\u00a0M\u00e9d\u00e9e\u00a0\u00bb.\u00a0\u00a0\u00a0\u00a0\u00a0\u00a0\u00a0\u00a0\u00a0\u00a0\u00a0\u00a0\u00a0\u00a0\u00a0\u00a0\u00a0\u00a0\u00a0\u00a0\u00a0\u00a0\u00a0\u00a0\u00a0\u00a0 <em>Cr\u00e9ation-adaptation<\/em> de \u00ab\u00a0M\u00e9d\u00e9e\u00a0\u00bb [S\u00e9n\u00e8que, Anouilh] et \u00ab\u00a0Antigone\u00a0\u00bb [Anouilh] faite par Marie.Jos\u00e9 Eres\u00e9o (T.S.F.) et mise en sc\u00e8ne par Nicole Garetta. <\/span><\/li>\n<\/ul>\n<ul style=\"list-style-type: circle;\">\n<li><span style=\"font-family: andale mono,times; color: #3366ff;\">\u00a0<strong>ETC&#8230;<\/strong><\/span><\/li>\n<\/ul>\n<p>&nbsp;<\/p>\n","protected":false},"excerpt":{"rendered":"<p>350 repr\u00e9sentations depuis 2000 en tant que com\u00e9dienne, pour les th\u00e9\u00e2tre-forums cr\u00e9\u00e9s par\u00a0 Th\u00e9\u00e2tre Sans Fronti\u00e8re, relais depuis 1984 en Midi Pyr\u00e9n\u00e9es du Th\u00e9\u00e2tre de l&rsquo;Opprim\u00e9 [fond\u00e9 par Augusto Boal]. Les contenus des spectacles permettent d&rsquo;aborder des sujets difficiles, li\u00e9s \u00e0 la pr\u00e9vention des conduites addictives, les MST, alcoolisme et milieu de travail, accidents de &hellip; <a href=\"http:\/\/annemariecamus.erleko.eu\/wordpress\/?page_id=111\" class=\"more-link\">Continuer la lecture de <span class=\"screen-reader-text\">Th\u00e9\u00e2tre et soci\u00e9t\u00e9<\/span> <span class=\"meta-nav\">&rarr;<\/span><\/a><\/p>\n","protected":false},"author":1,"featured_media":0,"parent":0,"menu_order":0,"comment_status":"closed","ping_status":"closed","template":"","meta":{"footnotes":""},"_links":{"self":[{"href":"http:\/\/annemariecamus.erleko.eu\/wordpress\/index.php?rest_route=\/wp\/v2\/pages\/111"}],"collection":[{"href":"http:\/\/annemariecamus.erleko.eu\/wordpress\/index.php?rest_route=\/wp\/v2\/pages"}],"about":[{"href":"http:\/\/annemariecamus.erleko.eu\/wordpress\/index.php?rest_route=\/wp\/v2\/types\/page"}],"author":[{"embeddable":true,"href":"http:\/\/annemariecamus.erleko.eu\/wordpress\/index.php?rest_route=\/wp\/v2\/users\/1"}],"replies":[{"embeddable":true,"href":"http:\/\/annemariecamus.erleko.eu\/wordpress\/index.php?rest_route=%2Fwp%2Fv2%2Fcomments&post=111"}],"version-history":[{"count":20,"href":"http:\/\/annemariecamus.erleko.eu\/wordpress\/index.php?rest_route=\/wp\/v2\/pages\/111\/revisions"}],"predecessor-version":[{"id":661,"href":"http:\/\/annemariecamus.erleko.eu\/wordpress\/index.php?rest_route=\/wp\/v2\/pages\/111\/revisions\/661"}],"wp:attachment":[{"href":"http:\/\/annemariecamus.erleko.eu\/wordpress\/index.php?rest_route=%2Fwp%2Fv2%2Fmedia&parent=111"}],"curies":[{"name":"wp","href":"https:\/\/api.w.org\/{rel}","templated":true}]}}