{"id":114,"date":"2013-10-16T16:19:03","date_gmt":"2013-10-16T14:19:03","guid":{"rendered":"http:\/\/127.0.0.1:4001\/wordpress\/?page_id=114"},"modified":"2024-10-16T12:01:14","modified_gmt":"2024-10-16T14:01:14","slug":"lecture-spectacles","status":"publish","type":"page","link":"http:\/\/annemariecamus.erleko.eu\/wordpress\/?page_id=114","title":{"rendered":"Lecture-spectacles"},"content":{"rendered":"<p style=\"text-align: center;\"><span style=\"color: #3366ff;\"><em><a href=\"http:\/\/annemariecamus.erleko.eu\/wordpress\/wp-content\/uploads\/2013\/10\/philippe_lejeune_seminaire.jpg\"><img loading=\"lazy\" decoding=\"async\" class=\"aligncenter size-medium wp-image-517\" src=\"http:\/\/annemariecamus.erleko.eu\/wordpress\/wp-content\/uploads\/2013\/10\/philippe_lejeune_seminaire-300x225.jpg\" alt=\"philippe_lejeune_seminaire\" width=\"300\" height=\"225\" srcset=\"http:\/\/annemariecamus.erleko.eu\/wordpress\/wp-content\/uploads\/2013\/10\/philippe_lejeune_seminaire-300x225.jpg 300w, http:\/\/annemariecamus.erleko.eu\/wordpress\/wp-content\/uploads\/2013\/10\/philippe_lejeune_seminaire.jpg 1024w\" sizes=\"(max-width: 300px) 100vw, 300px\" \/><\/a><\/em><\/span><span style=\"font-size: x-small;\"><span style=\"font-size: small;\">Philippe Lejeune et Marie Didier \u00e0 la tribune- colloque\u00a0 APA- oct.2013<\/span><br \/><\/span><\/p>\n<ul style=\"list-style-type: circle;\">\n<li style=\"text-align: justify;\"><span style=\"color: #3366ff;\"><em>\u00ab\u00a0Toulouse, Journ\u00e9es de l\u2019Association pour l\u2019autobiographie (APA) sur \u00ab le Je au travail \u00bb Table ronde et ateliers sont ponctu\u00e9s de lectures. <\/em><em>C\u2019est\u00a0\u00a0 Anne-Marie Camus qui lit\u2026 et elle dispara\u00eet ! Elle tient un texte \u00e0 la main, comme un violoniste son violon : on a l\u2019impression que c\u2019est le son qui fait mouvoir l\u2019archet.\u00a0 Elle n\u2019est plus l\u00e0 et il y a plein de monde.\u00a0 Son chef d\u2019\u0153uvre : un passage d\u2019un roman de Marie Didier. Un vieux couple se paie une sc\u00e8ne de m\u00e9nage chez le m\u00e9decin. Trois voix et on entend l\u2019\u00e9coute effar\u00e9e du m\u00e9decin. Quand c\u2019est fini on l\u2019applaudit, elle. Mais on a envie qu\u2019elle recommence, et redisparaisse\u00a0\u00bb.<\/em>\u00a0 <strong>Philippe Lejeune<span style=\"font-family: Times New Roman;\">, <\/span><span style=\"font-size: 10pt;\">pr\u00e9sident de l&rsquo; A.P.A <\/span><\/strong><span style=\"font-size: 10pt;\"><strong><span style=\"color: #ff00ff;\"><span style=\"font-size: 14pt;\">*<\/span>\u00a0 <\/span><\/strong><\/span><\/span><\/li>\n<\/ul>\n<ul style=\"list-style-type: circle;\">\n<li style=\"list-style-type: none;\">\n<ul style=\"list-style-type: circle;\">\n<li style=\"text-align: justify;\"><span style=\"font-family: Times New Roman;\"><span style=\"color: #3366ff;\">Lecture-spectacle<strong> \u00e0 2 voix-<\/strong><\/span><b><span style=\"color: #333399;\"><span style=\"color: #000000;\"> \u00ab\u00a0Itin\u00e9raires de Walter Benjamin\u00a0\u00bb<\/span>,<\/span> <\/b><b><\/b><span style=\"color: #0000ff;\"><span style=\"color: #3366ff;\">avec Ren\u00e9<\/span> <span style=\"color: #3366ff;\">GOUZENNE<\/span><\/span> [directeur fondateur de la Cave Po\u00e9sie], choix des textes et sc\u00e9nographie de Christian LE BARS, philosophe et po\u00e8te &#8211; Cave Po\u00e9sie, MJC Roguet ( Toulouse, 2005-2006)<\/span><\/li>\n<\/ul>\n<\/li>\n<\/ul>\n<ul style=\"list-style-type: circle;\">\n<li style=\"list-style-type: none;\">\n<ul style=\"list-style-type: circle;\">\n<li style=\"text-align: justify;\"><span style=\"font-family: Times New Roman;\"><span style=\"color: #3366ff;\">Lecture-spectacle <\/span>\u00ab<b>Cinq fragments du d\u00e9sert\u00a0<\/b>\u00bb de Rachid Boudjedra- Exposition photographique de Jules Buissont-Chavot \u00ab\u00a0L\u00e0-bas le d\u00e9sert\u00a0\u00bb. Organis\u00e9 par Nuances du Sud (2005)<\/span><\/li>\n<\/ul>\n<\/li>\n<\/ul>\n<ul style=\"list-style-type: circle;\">\n<li style=\"list-style-type: none;\">\n<ul style=\"list-style-type: circle;\">\n<li style=\"text-align: justify;\"><span style=\"font-family: Times New Roman;\"><span style=\"color: #3366ff;\">Lecture-spectacle<\/span> \u00ab\u00a0<b>La Joconde et Si-Ya-Ou\u00a0<\/b>\u00bb de Nazim Hikmet, <span style=\"color: #0000ff;\"><span style=\"color: #3366ff;\">avec l&rsquo;atelier \u00ab\u00a0Dire la po\u00e9sie \u00e0 haute voix\u00a0\u00bb<\/span>.<\/span> Animatrice: S\u00e9verine ASTEL. Organis\u00e9 par biblioth\u00e8ques d\u00e9partementales et M\u00e9diath\u00e8que Cabanis (2007)<\/span><span style=\"color: #000000;\"><span style=\"font-family: Times New Roman;\">\u00a0<\/span><\/span><\/li>\n<\/ul>\n<\/li>\n<\/ul>\n<ul style=\"list-style-type: circle;\">\n<li style=\"list-style-type: none;\">\n<ul style=\"list-style-type: circle;\">\n<li style=\"text-align: justify;\"><span style=\"color: #000000;\"><span style=\"font-family: Times New Roman;\">Sur le th\u00e8me \u00ab\u00a0<strong>Ecrire le moi aujourd&rsquo;hui\u00a0\u00bb<\/strong>, <span style=\"color: #3366ff;\">lecture<\/span> pour l&rsquo; A.P.A Midi-Pyr\u00e9n\u00e9es \u00e0 l&rsquo;Espace Bonnefoy- Toulouse- Nov.2007<br \/><\/span><\/span><\/li>\n<\/ul>\n<\/li>\n<\/ul>\n<ul style=\"list-style-type: circle;\">\n<li style=\"list-style-type: none;\">\n<ul style=\"list-style-type: circle;\">\n<li style=\"text-align: justify;\"><span style=\"color: #000000;\"><span style=\"font-family: Times New Roman;\"><span style=\"color: #3366ff;\">Lecture-spectacle<\/span> du<b> \u00ab Grand Agglographe\u00a0\u00bb<\/b><span style=\"color: #0000ff;\"><span style=\"color: #3366ff;\"> avec le Lector&rsquo;s Studio (Cie Agit Th\u00e9\u00e2tre)<\/span>.<\/span> Organis\u00e9 en 2007 par la Boutique d&rsquo;\u00e9criture du Grand Toulouse [ l&rsquo;\u00e9criture de ces textes a <\/span><\/span><span style=\"color: #000000;\"><span style=\"font-family: Times New Roman;\">rassembl\u00e9 13 communes de l&rsquo;agglom\u00e9ration toulousaine]<\/span><\/span><\/li>\n<\/ul>\n<\/li>\n<\/ul>\n<ul style=\"list-style-type: circle;\">\n<li style=\"list-style-type: none;\">\n<ul style=\"list-style-type: circle;\">\n<li style=\"text-align: justify;\"><span style=\"color: #000000;\"><span style=\"font-family: Times New Roman;\"><span style=\"color: #3366ff;\"><strong>Cr\u00e9ation<\/strong> d&rsquo;un spectacle,<\/span> <b>\u00e0 partir d&rsquo;\u00e9crits anonymes<\/b> [Printemps des Mots] <b>issus <\/b>de <\/span><\/span><em><span style=\"color: #0000ff;\">.<\/span><\/em><span style=\"color: #000000;\"><span style=\"font-family: Times New Roman;\">l&rsquo;exposition <b>des peintures de Claire Dupray <\/b>\u00abVenir avec des secrets\u00a0\u00bb. Organis\u00e9 en 2008 par la Galerie \u00ab\u00a0Aupr\u00e8s de mon art\u00a0\u00bb \u00e0 Villeneuve Tolosane (31) \u2013<\/span><\/span><\/li>\n<\/ul>\n<\/li>\n<\/ul>\n<ul style=\"list-style-type: circle;\">\n<li style=\"list-style-type: none;\">\n<ul style=\"list-style-type: circle;\">\n<li style=\"text-align: justify;\"><span style=\"color: #000000;\"><span style=\"font-family: Times New Roman;\"><span style=\"color: #3366ff;\"><strong>4<\/strong><b> cr\u00e9ations <\/b>de spectacle<\/span> <b>\u00e0 partir des<\/b> <b>travaux de l&rsquo;atelier d&rsquo;\u00e9criture <\/b>\u00ab\u00a0Je de Plume \u00bb. <\/span><\/span><span style=\"color: #000000;\"><span style=\"font-family: Times New Roman;\">Animatrice\u00a0: M.H.Roques. <\/span><\/span><span style=\"color: #000000;\"><span style=\"font-family: Times New Roman;\">Organis\u00e9 par l&rsquo;association \u00ab\u00a0Je de Plume\u00a0\u00bb (2011, 2012, 2013, 2014)<\/span><\/span><\/li>\n<\/ul>\n<\/li>\n<\/ul>\n<ul style=\"list-style-type: circle;\">\n<li style=\"list-style-type: none;\">\n<ul style=\"list-style-type: circle;\">\n<li style=\"text-align: justify;\"><span style=\"color: #000000;\"><span style=\"font-family: Times New Roman;\"><span style=\"font-family: times new roman,times,serif;\">Sur le th\u00e8me \u00ab\u00a0le Je au travail\u00a0\u00bb,<\/span><span style=\"color: #3366ff;\"><strong> lecture-spectacles<\/strong><\/span> pour les rencontres nationales de l&rsquo; A.P.A- Espace Bonnefoy et aussi \u00e0 domicile. En 2013 et 2014-\u00a0 Toulouse-(31)<br \/><\/span><\/span><\/li>\n<\/ul>\n<\/li>\n<\/ul>\n<ul>\n<li style=\"list-style-type: none;\">\n<ul style=\"list-style-type: circle;\">\n<li style=\"text-align: justify;\"><span style=\"font-family: times new roman,times,serif;\">Sur le th\u00e8me \u00ab\u00a0Nos amiti\u00e9s\u00a0\u00bb,<strong><span style=\"color: #3366ff;\"> cr\u00e9ation<\/span><\/strong> d&rsquo;un spectacle, <strong><span style=\"color: #3366ff;\">mise en sc\u00e8ne <\/span><\/strong><span style=\"color: #3366ff;\">et lecture<\/span>&#8211; avec adh\u00e9rents de l&rsquo; APA Midi Pyr\u00e9n\u00e9es- Espace Bonnefoy, Toulouse (31)- Juin 2015<\/span><\/li>\n<li><span style=\"font-family: times new roman,times,serif;\">Poursuite de la collaboration avec l&rsquo;A.P.A, <strong>les ann\u00e9es<span style=\"color: #0000ff;\"> 2016, 2017, 2018, 2019, 2023 et 2024 <\/span><\/strong>avec la <strong><span style=\"color: #0000ff;\">cr\u00e9ation<\/span><\/strong> de lecture-spectacles et derni\u00e8rement \u00ab\u00a0Paroles de syndicalistes\u00a0\u00bb.<\/span><span style=\"color: #ff00ff; font-size: 18pt;\"><br \/><\/span><span style=\"color: #ff00ff; font-size: 10pt;\"><strong> A.P.A.<\/strong> :\u00a0 <b>A<\/b>ssociation pour l&rsquo;Autobiographie et le <b>P<\/b>atrimoine <b>A<\/b>utobiographique, cr\u00e9\u00e9e en 1992 et dont le pr\u00e9sident est Philippe Lejeune,\u00a0 universitaire et auteur.<\/span><\/li>\n<\/ul>\n<\/li>\n<\/ul>\n\n\n<p><\/p>\n","protected":false},"excerpt":{"rendered":"<p>Philippe Lejeune et Marie Didier \u00e0 la tribune- colloque\u00a0 APA- oct.2013 \u00ab\u00a0Toulouse, Journ\u00e9es de l\u2019Association pour l\u2019autobiographie (APA) sur \u00ab le Je au travail \u00bb Table ronde et ateliers sont ponctu\u00e9s de lectures. C\u2019est\u00a0\u00a0 Anne-Marie Camus qui lit\u2026 et elle dispara\u00eet ! Elle tient un texte \u00e0 la main, comme un violoniste son violon : &hellip; <a href=\"http:\/\/annemariecamus.erleko.eu\/wordpress\/?page_id=114\" class=\"more-link\">Continuer la lecture de <span class=\"screen-reader-text\">Lecture-spectacles<\/span> <span class=\"meta-nav\">&rarr;<\/span><\/a><\/p>\n","protected":false},"author":1,"featured_media":0,"parent":0,"menu_order":0,"comment_status":"closed","ping_status":"closed","template":"","meta":{"footnotes":""},"_links":{"self":[{"href":"http:\/\/annemariecamus.erleko.eu\/wordpress\/index.php?rest_route=\/wp\/v2\/pages\/114"}],"collection":[{"href":"http:\/\/annemariecamus.erleko.eu\/wordpress\/index.php?rest_route=\/wp\/v2\/pages"}],"about":[{"href":"http:\/\/annemariecamus.erleko.eu\/wordpress\/index.php?rest_route=\/wp\/v2\/types\/page"}],"author":[{"embeddable":true,"href":"http:\/\/annemariecamus.erleko.eu\/wordpress\/index.php?rest_route=\/wp\/v2\/users\/1"}],"replies":[{"embeddable":true,"href":"http:\/\/annemariecamus.erleko.eu\/wordpress\/index.php?rest_route=%2Fwp%2Fv2%2Fcomments&post=114"}],"version-history":[{"count":40,"href":"http:\/\/annemariecamus.erleko.eu\/wordpress\/index.php?rest_route=\/wp\/v2\/pages\/114\/revisions"}],"predecessor-version":[{"id":1127,"href":"http:\/\/annemariecamus.erleko.eu\/wordpress\/index.php?rest_route=\/wp\/v2\/pages\/114\/revisions\/1127"}],"wp:attachment":[{"href":"http:\/\/annemariecamus.erleko.eu\/wordpress\/index.php?rest_route=%2Fwp%2Fv2%2Fmedia&parent=114"}],"curies":[{"name":"wp","href":"https:\/\/api.w.org\/{rel}","templated":true}]}}