{"id":117,"date":"2013-10-16T16:19:15","date_gmt":"2013-10-16T14:19:15","guid":{"rendered":"http:\/\/127.0.0.1:4001\/wordpress\/?page_id=117"},"modified":"2014-01-20T11:31:01","modified_gmt":"2014-01-20T13:31:01","slug":"theatre-clown","status":"publish","type":"page","link":"http:\/\/annemariecamus.erleko.eu\/wordpress\/?page_id=117","title":{"rendered":"Th\u00e9\u00e2tre-clown"},"content":{"rendered":"<p style=\"text-align: justify;\"><span style=\"color: #000000; font-family: Times New Roman;\"><span style=\"color: #3366ff;\"><strong>70 repr\u00e9sentations de th\u00e9\u00e2tre-clown<\/strong><\/span> (depuis 2000) \u00e0 partir de 3 cr\u00e9ations dont la derni\u00e8re\u00a0\u00a0\u00a0 \u00ab LE BOCAL \u00bb, en 2009 \u00e0 Avignon,\u00a0 avec la Compagnie du Bataclown. <\/span><\/p>\n<p style=\"text-align: justify;\">Formations les plus importantes aupr\u00e8s de Nicole Garetta -la tradition burlesque- (Groupe Envers Th\u00e9\u00e2tre] et le Bataclown.<\/p>\n","protected":false},"excerpt":{"rendered":"<p>70 repr\u00e9sentations de th\u00e9\u00e2tre-clown (depuis 2000) \u00e0 partir de 3 cr\u00e9ations dont la derni\u00e8re\u00a0\u00a0\u00a0 \u00ab LE BOCAL \u00bb, en 2009 \u00e0 Avignon,\u00a0 avec la Compagnie du Bataclown. Formations les plus importantes aupr\u00e8s de Nicole Garetta -la tradition burlesque- (Groupe Envers Th\u00e9\u00e2tre] et le Bataclown.<\/p>\n","protected":false},"author":1,"featured_media":0,"parent":0,"menu_order":0,"comment_status":"closed","ping_status":"closed","template":"","meta":{"footnotes":""},"_links":{"self":[{"href":"http:\/\/annemariecamus.erleko.eu\/wordpress\/index.php?rest_route=\/wp\/v2\/pages\/117"}],"collection":[{"href":"http:\/\/annemariecamus.erleko.eu\/wordpress\/index.php?rest_route=\/wp\/v2\/pages"}],"about":[{"href":"http:\/\/annemariecamus.erleko.eu\/wordpress\/index.php?rest_route=\/wp\/v2\/types\/page"}],"author":[{"embeddable":true,"href":"http:\/\/annemariecamus.erleko.eu\/wordpress\/index.php?rest_route=\/wp\/v2\/users\/1"}],"replies":[{"embeddable":true,"href":"http:\/\/annemariecamus.erleko.eu\/wordpress\/index.php?rest_route=%2Fwp%2Fv2%2Fcomments&post=117"}],"version-history":[{"count":5,"href":"http:\/\/annemariecamus.erleko.eu\/wordpress\/index.php?rest_route=\/wp\/v2\/pages\/117\/revisions"}],"predecessor-version":[{"id":510,"href":"http:\/\/annemariecamus.erleko.eu\/wordpress\/index.php?rest_route=\/wp\/v2\/pages\/117\/revisions\/510"}],"wp:attachment":[{"href":"http:\/\/annemariecamus.erleko.eu\/wordpress\/index.php?rest_route=%2Fwp%2Fv2%2Fmedia&parent=117"}],"curies":[{"name":"wp","href":"https:\/\/api.w.org\/{rel}","templated":true}]}}