{"id":120,"date":"2013-10-16T16:19:37","date_gmt":"2013-10-16T14:19:37","guid":{"rendered":"http:\/\/127.0.0.1:4001\/wordpress\/?page_id=120"},"modified":"2014-01-27T14:48:46","modified_gmt":"2014-01-27T16:48:46","slug":"le-bocal","status":"publish","type":"page","link":"http:\/\/annemariecamus.erleko.eu\/wordpress\/?page_id=120","title":{"rendered":"\u00ab Le bocal \u00bb"},"content":{"rendered":"<p style=\"text-align: left;\">Mise en sc\u00e8ne de l&rsquo;auteur,\u00a0<strong><span style=\"color: #3366ff;\">Charles Gimat<\/span><\/strong>\u00a0\u00a0 [Cie du BATACLOWN]\u00a0\u00a0 Collaboration artistique: Jean-Bernard Bonange et Genevi\u00e8ve Touzet. Avec Anne-Marie Camus (Zelda), Charles Gimat (Victor) et J.M.Jouanne (Raoul).<\/p>\n<p>\u00a0<a title=\"Le bocal, Avignon 2009\" href=\"http:\/\/www.dailymotion.com\/video\/xddj94_le-bocal_creation\" target=\"_blank\">Le bocal Avignon 2009<\/a><\/p>\n<pre><iframe loading=\"lazy\" src=\"http:\/\/www.dailymotion.com\/embed\/video\/xddj94\" width=\"460\" height=\"264\" frameborder=\"0\"><\/iframe><\/pre>\n<p><span style=\"color: #000000;\"><strong><span style=\"color: #3366ff;\">Le propos<\/span><\/strong>. \u00ab\u00a0\u2026le pire, c\u2019est de porter en soi la prison\u2026\u00a0\u00bb. Ces mots de Nazim Hikmet sont un saisissant raccourci de l\u2019argument th\u00e9\u00e2tral du Bocal. <strong><span style=\"color: #3366ff;\">Une all\u00e9gorie.<\/span><\/strong> Des clowns aux prises avec une barri\u00e8re invisible, \u00ab\u00a0vivante\u00a0\u00bb. <\/span><strong><span style=\"color: #3366ff;\">Des enjeux. <\/span><\/strong><span style=\"color: #000000;\">\u2013\u00ab\u00a0en route, le bonheur est l\u00e0-bas\u00a0!\u00a0\u00bb -\u00ab\u00a0Non, ici c\u2019est mieux qu\u2019ailleurs\u00a0\u00bb &#8211; \u00ab\u00a0Ici ou ailleurs, il faut vivre \u00e0 fond\u00a0\u00bb. <\/span><strong><span style=\"color: #3366ff;\">Un genre. <\/span><\/strong><span style=\"color: #000000;\">Du th\u00e9\u00e2tre clown, une aventure qui se passe l\u00e0-bas dans l\u2019imaginaire mais ici et maintenant avec\u00a0 le public. <\/span><\/p>\n<p><strong><\/strong><span style=\"color: #000000;\"><span style=\"font-size: medium;\">C<\/span><\/span><span style=\"color: #000000;\"><span style=\"font-size: medium;\">e canevas avait \u00e9t\u00e9 mont\u00e9 pour la premi\u00e8re fois en 2007 par \u00ab\u00a0Les Faces Perdues\u00a0\u00bb mis en sc\u00e8ne par l\u2019auteur. <\/span><strong><\/strong>La seconde fois ,<\/span><span style=\"color: #000000;\"> il fut cr\u00e9e avec la Compagnie du Bataclown<\/span><span style=\"color: #000000;\"> au<\/span><strong><span style=\"color: #3366ff;\"><span style=\"color: #000000;\"><span style=\"color: #3366ff;\"> Festival<\/span> <span style=\"color: #3366ff;\">d&rsquo;Avignon<\/span>,<\/span> <\/span><\/strong><span style=\"color: #000000;\">l&rsquo;\u00e9t\u00e9\u00a0 2009<strong>, <\/strong>suivi d&rsquo;une\u00a0 tourn\u00e9e<\/span><span style=\"color: #000000;\"> en<span style=\"color: #3366ff;\"><strong> France, en Bulgarie et en Roumanie. <\/strong><\/span><\/span><\/p>\n","protected":false},"excerpt":{"rendered":"<p>Mise en sc\u00e8ne de l&rsquo;auteur,\u00a0Charles Gimat\u00a0\u00a0 [Cie du BATACLOWN]\u00a0\u00a0 Collaboration artistique: Jean-Bernard Bonange et Genevi\u00e8ve Touzet. Avec Anne-Marie Camus (Zelda), Charles Gimat (Victor) et J.M.Jouanne (Raoul). \u00a0Le bocal Avignon 2009 Le propos. \u00ab\u00a0\u2026le pire, c\u2019est de porter en soi la prison\u2026\u00a0\u00bb. Ces mots de Nazim Hikmet sont un saisissant raccourci de l\u2019argument th\u00e9\u00e2tral du Bocal. &hellip; <a href=\"http:\/\/annemariecamus.erleko.eu\/wordpress\/?page_id=120\" class=\"more-link\">Continuer la lecture de <span class=\"screen-reader-text\">\u00ab Le bocal \u00bb<\/span> <span class=\"meta-nav\">&rarr;<\/span><\/a><\/p>\n","protected":false},"author":1,"featured_media":0,"parent":0,"menu_order":0,"comment_status":"closed","ping_status":"closed","template":"","meta":{"footnotes":""},"_links":{"self":[{"href":"http:\/\/annemariecamus.erleko.eu\/wordpress\/index.php?rest_route=\/wp\/v2\/pages\/120"}],"collection":[{"href":"http:\/\/annemariecamus.erleko.eu\/wordpress\/index.php?rest_route=\/wp\/v2\/pages"}],"about":[{"href":"http:\/\/annemariecamus.erleko.eu\/wordpress\/index.php?rest_route=\/wp\/v2\/types\/page"}],"author":[{"embeddable":true,"href":"http:\/\/annemariecamus.erleko.eu\/wordpress\/index.php?rest_route=\/wp\/v2\/users\/1"}],"replies":[{"embeddable":true,"href":"http:\/\/annemariecamus.erleko.eu\/wordpress\/index.php?rest_route=%2Fwp%2Fv2%2Fcomments&post=120"}],"version-history":[{"count":13,"href":"http:\/\/annemariecamus.erleko.eu\/wordpress\/index.php?rest_route=\/wp\/v2\/pages\/120\/revisions"}],"predecessor-version":[{"id":598,"href":"http:\/\/annemariecamus.erleko.eu\/wordpress\/index.php?rest_route=\/wp\/v2\/pages\/120\/revisions\/598"}],"wp:attachment":[{"href":"http:\/\/annemariecamus.erleko.eu\/wordpress\/index.php?rest_route=%2Fwp%2Fv2%2Fmedia&parent=120"}],"curies":[{"name":"wp","href":"https:\/\/api.w.org\/{rel}","templated":true}]}}