{"id":123,"date":"2013-10-16T16:19:51","date_gmt":"2013-10-16T14:19:51","guid":{"rendered":"http:\/\/127.0.0.1:4001\/wordpress\/?page_id=123"},"modified":"2014-01-20T14:30:12","modified_gmt":"2014-01-20T16:30:12","slug":"entre-ciel-et-terre-le-nez-dans-la-poussiere","status":"publish","type":"page","link":"http:\/\/annemariecamus.erleko.eu\/wordpress\/?page_id=123","title":{"rendered":"\u00ab Entre ciel et terre, le nez dans la poussi\u00e8re \u00bb"},"content":{"rendered":"<p style=\"text-align: justify;\">\n<p style=\"text-align: justify;\">Spectacle tragico- burlesque musical pr\u00e9sent\u00e9 par les \u00ab\u00a0Faces Perdues\u00a0\u00bb, mis en sc\u00e8ne par Nicole GARETTA, responsable du Groupe Envers Th\u00e9\u00e2tre.<\/p>\n<p>D\u00e9marr\u00e9e la premi\u00e8re ann\u00e9e \u00e0 10 acteurs, l&rsquo;aventure se poursuivra \u00e0 6, durant trois ann\u00e9es et le spectacle se jouera une vingtaine de fois [ Th\u00e9\u00e2tre du Hangar, Th\u00e9\u00e2tre Roquelaine, Eglise des Min\u00eemes, Th\u00e9\u00e2tre des Mazades, Salle Gascogne \u00e0 Colomiers (31), CCAS de la ville d&rsquo;Auch (32), pour des associations humanitaires, etc&#8230;<\/p>\n<p>&nbsp;<\/p>\n<p><a href=\"http:\/\/annemariecamus.erleko.eu\/wordpress\/wp-content\/uploads\/2013\/10\/zelda_residence_auch.jpg\"><img loading=\"lazy\" decoding=\"async\" class=\"aligncenter size-medium wp-image-512\" alt=\"zelda_residence_auch\" src=\"http:\/\/annemariecamus.erleko.eu\/wordpress\/wp-content\/uploads\/2013\/10\/zelda_residence_auch-300x225.jpg\" width=\"300\" height=\"225\" srcset=\"http:\/\/annemariecamus.erleko.eu\/wordpress\/wp-content\/uploads\/2013\/10\/zelda_residence_auch-300x225.jpg 300w, http:\/\/annemariecamus.erleko.eu\/wordpress\/wp-content\/uploads\/2013\/10\/zelda_residence_auch.jpg 640w\" sizes=\"(max-width: 300px) 100vw, 300px\" \/><\/a><\/p>\n<p style=\"text-align: center;\"><span style=\"font-size: large;\"><strong><span style=\"color: #3366ff;\">\u00ab\u00a0Apr\u00e8s avoir quitt\u00e9 ce \u00e0 quoi l&rsquo;on tenait, on se retrouve seuls, dans un entre-deux, suspendus dans le temps et l&rsquo;espace, en exil&#8230;\u00a0\u00bb<\/span><\/strong><\/span><\/p>\n<p><span style=\"font-size: large;\">\u00a0<\/span><\/p>\n","protected":false},"excerpt":{"rendered":"<p>Spectacle tragico- burlesque musical pr\u00e9sent\u00e9 par les \u00ab\u00a0Faces Perdues\u00a0\u00bb, mis en sc\u00e8ne par Nicole GARETTA, responsable du Groupe Envers Th\u00e9\u00e2tre. D\u00e9marr\u00e9e la premi\u00e8re ann\u00e9e \u00e0 10 acteurs, l&rsquo;aventure se poursuivra \u00e0 6, durant trois ann\u00e9es et le spectacle se jouera une vingtaine de fois [ Th\u00e9\u00e2tre du Hangar, Th\u00e9\u00e2tre Roquelaine, Eglise des Min\u00eemes, Th\u00e9\u00e2tre des &hellip; <a href=\"http:\/\/annemariecamus.erleko.eu\/wordpress\/?page_id=123\" class=\"more-link\">Continuer la lecture de <span class=\"screen-reader-text\">\u00ab Entre ciel et terre, le nez dans la poussi\u00e8re \u00bb<\/span> <span class=\"meta-nav\">&rarr;<\/span><\/a><\/p>\n","protected":false},"author":1,"featured_media":0,"parent":0,"menu_order":0,"comment_status":"closed","ping_status":"closed","template":"","meta":{"footnotes":""},"_links":{"self":[{"href":"http:\/\/annemariecamus.erleko.eu\/wordpress\/index.php?rest_route=\/wp\/v2\/pages\/123"}],"collection":[{"href":"http:\/\/annemariecamus.erleko.eu\/wordpress\/index.php?rest_route=\/wp\/v2\/pages"}],"about":[{"href":"http:\/\/annemariecamus.erleko.eu\/wordpress\/index.php?rest_route=\/wp\/v2\/types\/page"}],"author":[{"embeddable":true,"href":"http:\/\/annemariecamus.erleko.eu\/wordpress\/index.php?rest_route=\/wp\/v2\/users\/1"}],"replies":[{"embeddable":true,"href":"http:\/\/annemariecamus.erleko.eu\/wordpress\/index.php?rest_route=%2Fwp%2Fv2%2Fcomments&post=123"}],"version-history":[{"count":8,"href":"http:\/\/annemariecamus.erleko.eu\/wordpress\/index.php?rest_route=\/wp\/v2\/pages\/123\/revisions"}],"predecessor-version":[{"id":589,"href":"http:\/\/annemariecamus.erleko.eu\/wordpress\/index.php?rest_route=\/wp\/v2\/pages\/123\/revisions\/589"}],"wp:attachment":[{"href":"http:\/\/annemariecamus.erleko.eu\/wordpress\/index.php?rest_route=%2Fwp%2Fv2%2Fmedia&parent=123"}],"curies":[{"name":"wp","href":"https:\/\/api.w.org\/{rel}","templated":true}]}}