{"id":126,"date":"2013-10-16T16:21:00","date_gmt":"2013-10-16T14:21:00","guid":{"rendered":"http:\/\/127.0.0.1:4001\/wordpress\/?page_id=126"},"modified":"2014-01-21T13:36:46","modified_gmt":"2014-01-21T15:36:46","slug":"actions-culturelles-metteure-en-scene","status":"publish","type":"page","link":"http:\/\/annemariecamus.erleko.eu\/wordpress\/?page_id=126","title":{"rendered":"ACTIONs CULTURELLEs"},"content":{"rendered":"<p><span style=\"color: #0070e0;\"><b>Fonction<\/b>\u00a0:<\/span> metteuse en sc\u00e8ne<\/p>\n<p><span style=\"color: #0070e0;\"><b>Objet <\/b>:<\/span> cr\u00e9ation collective avec des groupes aboutissant \u00e0 une repr\u00e9sentation publique<\/p>\n<p><span style=\"color: #0070e0;\"><b>Publics<\/b>\u00a0:<\/span> personnes isol\u00e9es, prisonniers, demandeurs d&#8217;emploi, usagers structures sociales, \u00e9l\u00e8ves d&rsquo;\u00e9coles professionnelles, associations, syndicats, travailleurs sociaux, \u00e9trangers apprenant le Fran\u00e7ais, autres groupes.<\/p>\n<p>&nbsp;<\/p>\n","protected":false},"excerpt":{"rendered":"<p>Fonction\u00a0: metteuse en sc\u00e8ne Objet : cr\u00e9ation collective avec des groupes aboutissant \u00e0 une repr\u00e9sentation publique Publics\u00a0: personnes isol\u00e9es, prisonniers, demandeurs d&#8217;emploi, usagers structures sociales, \u00e9l\u00e8ves d&rsquo;\u00e9coles professionnelles, associations, syndicats, travailleurs sociaux, \u00e9trangers apprenant le Fran\u00e7ais, autres groupes. &nbsp;<\/p>\n","protected":false},"author":1,"featured_media":0,"parent":0,"menu_order":0,"comment_status":"closed","ping_status":"closed","template":"","meta":{"footnotes":""},"_links":{"self":[{"href":"http:\/\/annemariecamus.erleko.eu\/wordpress\/index.php?rest_route=\/wp\/v2\/pages\/126"}],"collection":[{"href":"http:\/\/annemariecamus.erleko.eu\/wordpress\/index.php?rest_route=\/wp\/v2\/pages"}],"about":[{"href":"http:\/\/annemariecamus.erleko.eu\/wordpress\/index.php?rest_route=\/wp\/v2\/types\/page"}],"author":[{"embeddable":true,"href":"http:\/\/annemariecamus.erleko.eu\/wordpress\/index.php?rest_route=\/wp\/v2\/users\/1"}],"replies":[{"embeddable":true,"href":"http:\/\/annemariecamus.erleko.eu\/wordpress\/index.php?rest_route=%2Fwp%2Fv2%2Fcomments&post=126"}],"version-history":[{"count":5,"href":"http:\/\/annemariecamus.erleko.eu\/wordpress\/index.php?rest_route=\/wp\/v2\/pages\/126\/revisions"}],"predecessor-version":[{"id":539,"href":"http:\/\/annemariecamus.erleko.eu\/wordpress\/index.php?rest_route=\/wp\/v2\/pages\/126\/revisions\/539"}],"wp:attachment":[{"href":"http:\/\/annemariecamus.erleko.eu\/wordpress\/index.php?rest_route=%2Fwp%2Fv2%2Fmedia&parent=126"}],"curies":[{"name":"wp","href":"https:\/\/api.w.org\/{rel}","templated":true}]}}