{"id":129,"date":"2013-10-16T16:22:10","date_gmt":"2013-10-16T14:22:10","guid":{"rendered":"http:\/\/127.0.0.1:4001\/wordpress\/?page_id=129"},"modified":"2019-01-31T16:28:40","modified_gmt":"2019-01-31T18:28:40","slug":"biographie","status":"publish","type":"page","link":"http:\/\/annemariecamus.erleko.eu\/wordpress\/?page_id=129","title":{"rendered":"BIOGRAPHIE"},"content":{"rendered":"<p><span style=\"color: #3366ff;\"><strong>ECLAIRAGES&#8230;<\/strong><\/span><\/p>\n<ul style=\"list-style-type: circle;\">\n<li style=\"text-align: justify;\"><strong>Petite enfance<\/strong> <span style=\"color: #000000;\">dans les collines,<\/span> les contes, les coutumes, la musique du <strong><span style=\"color: #3366ff;\">pays\u00a0\u00a0\u00a0\u00a0\u00a0\u00a0\u00a0\u00a0\u00a0\u00a0\u00a0\u00a0\u00a0 proven\u00e7al.<\/span><\/strong><\/li>\n<\/ul>\n<ul style=\"list-style-type: circle; text-align: justify;\">\n<li>\u00a0<span style=\"color: #3366ff;\">Arriv\u00e9e en Midi-Pyr\u00e9n\u00e9es<\/span>. <strong>7 ans<\/strong>&#8211; Apprentissage de la musique et de la gymnastique rythmique. D\u00e9couvertes multiples dont <span style=\"color: #3366ff;\">Toulouse<\/span> et <span style=\"color: #3366ff;\"><strong>la Gascogne<\/strong><\/span>, le rugby ainsi que d&rsquo;<span style=\"font-size: medium;\"> Artagnan.<\/span><\/li>\n<\/ul>\n<ul style=\"list-style-type: circle; text-align: justify;\">\n<li>Les <span style=\"color: #3366ff;\">grands jeux collectifs<\/span><span style=\"color: #3366ff;\"> toujours l&rsquo;accompagn\u00e8rent<\/span>. En effet, elle grandit et se construit en pension, dans des collectivit\u00e9s d&rsquo;enfants \u00e0 taille humaine, entour\u00e9e d&rsquo;espaces vastes et bois\u00e9s. Depuis, elle conserve le <span style=\"color: #3366ff;\">go\u00fbt du mouvement<\/span> et celui <span style=\"color: #3366ff;\">des \u00ab\u00a0groupes\u00a0\u00bb<\/span>, sujets d&rsquo;un int\u00e9r\u00eat <span style=\"color: #000000;\">constant.<\/span><\/li>\n<\/ul>\n<ul style=\"list-style-type: circle; text-align: justify;\">\n<li><strong>Adolescence<\/strong> <span style=\"color: #3366ff;\">gersoise<\/span>, suite du chemin musical, d\u00e9couverte du th\u00e9\u00e2tre, du mime,\u00a0recours \u00e0 l&rsquo;\u00e9criture po\u00e9tique, lectures, sports collectifs, amiti\u00e9, amour et philosophie.\u00a0Bac <span style=\"color: #3366ff;\">litt\u00e9raire<\/span>, inscription en facult\u00e9, manifestations, <span style=\"color: #3366ff;\">chant choral et musicologie.<\/span> Chef de choeur.<\/li>\n<\/ul>\n<ul style=\"list-style-type: circle; text-align: justify;\">\n<li><strong>25 ans.<\/strong> D\u00e9couverte de l&rsquo; Education Nouvelle, rencontre avec le mouvement des C.E.M.E.A, \u00ab\u00a0<em>l&rsquo; Agir<\/em>\u00a0\u00bb de Tony Lain\u00e9 et <span style=\"color: #000000;\">\u00ab\u00a0<em>le besoin d&rsquo;expression\u00a0<\/em>\u00bb<\/span> de Mme Gis\u00e8le de Failly. <span style=\"color: #3366ff;\"><strong>L&rsquo; Education populaire<\/strong><\/span>. S&rsquo;interroger sur \u00ab\u00a0la libert\u00e9\u00a0\u00bb,\u00a0 l&rsquo; \u00e9ducation, \u00ab\u00a0ce qui est juste\u00a0\u00bb, <span style=\"color: #3366ff;\">clarifier des concepts<\/span> puis, <span style=\"color: #3366ff;\">passer de la parole aux actes<\/span> en prenant la direction de camps de vacances, fixes ou itin\u00e9rants. Au boulot\u00a0! Effervescence&#8230; et affinage.<\/li>\n<\/ul>\n<ul style=\"list-style-type: circle; text-align: justify;\">\n<li>Tous ces cheminements la conduiront vers les sciences humaines, celles de l&rsquo;\u00e9ducation, puis l&rsquo; <span style=\"color: #3366ff;\"><strong>Animation Professionnelle<\/strong><\/span> et plus tard,<span style=\"color: #3366ff;\"> la fonction de <strong>direction<\/strong><\/span>\u00a0: camps itin\u00e9rants d&rsquo;adolescents \u00e0 l&rsquo;\u00e9tranger et en France;\u00a0 stages d&rsquo;insertion sociale et professionnelle; <strong>cr\u00e9ation d&rsquo;un Service Municipal de la Jeunesse et conduite de celui-ci durant 9 ans.<\/strong><\/li>\n<li>Son dipl\u00f4me\u00a0: <span style=\"color: #000000;\"><strong>D.E.J.E.P.S* <\/strong>sp\u00e9cialit\u00e9 \u00ab<em>\u00a0Animation socio-\u00e9ducative ou culturelle\u00a0<\/em>\u00bb- Mentions\u00a0: <em>animation sociale &#8211;\u00a0 d\u00e9veloppement de projets, territoires et r\u00e9seaux<\/em>.<\/span><\/li>\n<\/ul>\n<ul style=\"list-style-type: circle; text-align: justify;\">\n<li>\u00a0<strong>A la quarantaine,<\/strong> rencontre avec un personnage,<span style=\"color: #3366ff;\"><strong> le clown de th\u00e9\u00e2tre<\/strong><\/span>. <strong>Quelques saisons et puis&#8230;<\/strong> la voil\u00e0 br\u00fblant les planches par les 2 bouts, <strong><span style=\"color: #3366ff;\">engag\u00e9e<\/span><\/strong> dans une <strong><span style=\"color: #3366ff;\">compagnie<\/span> <\/strong>professionnelle de <strong><span style=\"color: #3366ff;\">th\u00e9\u00e2tre<\/span><\/strong>, <span style=\"color: #3366ff;\">\u00e9crivant pendant 4 ans<\/span> chaque semaine (ateliers), et produisant po\u00e8mes, autofictions et nouvelles. <span style=\"color: #3366ff;\"><span style=\"color: #000000;\">La derni\u00e8re sera adapt\u00e9e pour le th\u00e9\u00e2tre<\/span> <span style=\"color: #000000;\">par Charles Gimat et deviendra<\/span> <strong>MONSIEUR TO\u00d1O<\/strong><\/span>. Quelques ann\u00e9es plus tard, cr\u00e9ation d&rsquo;un nouveau solo<strong><span style=\"color: #3366ff;\"> LE FAUBOURG DES COUPS-DE-TRIQUE,<\/span> <\/strong>d&rsquo;apr\u00e8s le roman d&rsquo;Alain Gerber, adapt\u00e9 et mis en sc\u00e8ne par Charles Gimat [Cf.\u00a0\u00ab\u00a0Spectacles\u00a0\u00bb].<\/li>\n<\/ul>\n<ul style=\"list-style-type: circle; text-align: justify;\">\n<li>\u00a0Au tout d\u00e9but du sentier, elle aura eu la chance de faire quelques bonnes rencontres, telles celles de <span style=\"color: #3366ff;\"><em>Charles GIMAT, Marie Jos\u00e9 ERESEO et les com\u00e9diens de Th\u00e9\u00e2tre Sans Fronti\u00e8re, Nicole GARETTA [Groupe Envers Th\u00e9\u00e2tre], Christian LE BARS [Artefact], Les Faces Perdues [th\u00e9\u00e2tre burlesque], Genevi\u00e8ve TOUZET [Tara Th\u00e9\u00e2tre], Fran\u00e7ois FEHNER [Agit Th\u00e9\u00e2tre], le Bataclown, le Centre du Mouvement et aussi&#8230; Peter BROOK et Louis JOUVET.\u00a0<\/em>\u00a0\u00a0\u00a0\u00a0 <strong>A tous MERCI.<\/strong><\/span><\/li>\n<\/ul>\n<p style=\"text-align: justify;\" align=\"LEFT\"><span style=\"font-size: small;\"><em>* [Dipl\u00f4me d&rsquo; Etat de la Jeunesse, de l&rsquo; Education Populaire et du Sport, anciennement d\u00e9nomm\u00e9 DEFA ]<\/em><\/span><\/p>\n","protected":false},"excerpt":{"rendered":"<p>ECLAIRAGES&#8230; Petite enfance dans les collines, les contes, les coutumes, la musique du pays\u00a0\u00a0\u00a0\u00a0\u00a0\u00a0\u00a0\u00a0\u00a0\u00a0\u00a0\u00a0\u00a0 proven\u00e7al. \u00a0Arriv\u00e9e en Midi-Pyr\u00e9n\u00e9es. 7 ans&#8211; Apprentissage de la musique et de la gymnastique rythmique. D\u00e9couvertes multiples dont Toulouse et la Gascogne, le rugby ainsi que d&rsquo; Artagnan. Les grands jeux collectifs toujours l&rsquo;accompagn\u00e8rent. En effet, elle grandit et se construit &hellip; <a href=\"http:\/\/annemariecamus.erleko.eu\/wordpress\/?page_id=129\" class=\"more-link\">Continuer la lecture de <span class=\"screen-reader-text\">BIOGRAPHIE<\/span> <span class=\"meta-nav\">&rarr;<\/span><\/a><\/p>\n","protected":false},"author":1,"featured_media":0,"parent":0,"menu_order":0,"comment_status":"closed","ping_status":"closed","template":"","meta":{"footnotes":""},"_links":{"self":[{"href":"http:\/\/annemariecamus.erleko.eu\/wordpress\/index.php?rest_route=\/wp\/v2\/pages\/129"}],"collection":[{"href":"http:\/\/annemariecamus.erleko.eu\/wordpress\/index.php?rest_route=\/wp\/v2\/pages"}],"about":[{"href":"http:\/\/annemariecamus.erleko.eu\/wordpress\/index.php?rest_route=\/wp\/v2\/types\/page"}],"author":[{"embeddable":true,"href":"http:\/\/annemariecamus.erleko.eu\/wordpress\/index.php?rest_route=\/wp\/v2\/users\/1"}],"replies":[{"embeddable":true,"href":"http:\/\/annemariecamus.erleko.eu\/wordpress\/index.php?rest_route=%2Fwp%2Fv2%2Fcomments&post=129"}],"version-history":[{"count":11,"href":"http:\/\/annemariecamus.erleko.eu\/wordpress\/index.php?rest_route=\/wp\/v2\/pages\/129\/revisions"}],"predecessor-version":[{"id":1032,"href":"http:\/\/annemariecamus.erleko.eu\/wordpress\/index.php?rest_route=\/wp\/v2\/pages\/129\/revisions\/1032"}],"wp:attachment":[{"href":"http:\/\/annemariecamus.erleko.eu\/wordpress\/index.php?rest_route=%2Fwp%2Fv2%2Fmedia&parent=129"}],"curies":[{"name":"wp","href":"https:\/\/api.w.org\/{rel}","templated":true}]}}