{"id":151,"date":"2013-10-16T16:17:56","date_gmt":"2013-10-16T14:17:56","guid":{"rendered":"http:\/\/127.0.0.1:4001\/wordpress\/?page_id=108"},"modified":"2016-04-06T12:17:17","modified_gmt":"2016-04-06T14:17:17","slug":"echos-du-spectacle","status":"publish","type":"page","link":"http:\/\/annemariecamus.erleko.eu\/wordpress\/?page_id=151","title":{"rendered":"Echos du spectacle"},"content":{"rendered":"<p style=\"text-align: left;\">[Extraits du cahier du m\u00eame nom mis \u00e0 disposition du public et des organisateurs]<\/p>\n<p style=\"text-align: left;\"><i>J&rsquo;ai \u00e9t\u00e9 subjugu\u00e9e par l&rsquo;excellence de ce spectacle. Ce texte est magnifique, et magnifiquement servi: puissance d&rsquo;\u00e9vocation, fra\u00eecheur\u00a0\u00a0des \u00e9motions, subtilit\u00e9 de l&rsquo;interpr\u00e9tation, soin des ruptures, diversit\u00e9 des registres&#8230;..Un grand merci aux artistes, mais aussi aux chaleureux accueillants de ce spectacle rare. Encore un mot:\u00a0 ce texte est une merveille. Superbement \u00e9crit. <\/i><strong>Fran\u00e7oise Valon<\/strong>,<span style=\"color: #0070e0;\"><b> professeur de philosophie et de th\u00e9\u00e2tre<\/b><\/span><\/p>\n<p style=\"text-align: left;\"><i>Janine y To\u00f1o, une histoire d\u2019amour entre la France &amp; l\u2019Espagne R\u00e9publicaines\u00a0! Encore\u00a0! \u00a1Mas! Un spectacle\u00a0<\/i><i>empreint de respect qui se savoure sans mod\u00e9ration, \u00e0 voir &amp; \u00e0 revoir, tellement c\u2019est beau\u00a0! <\/i><strong>Raymond Cubells,<\/strong><b><span style=\"color: #0070e0;\"> Pr\u00e9sident de l\u2019 A.A.I. <\/span><\/b>[Amicale des Anciens Intern\u00e9s politiques et r\u00e9sistants du camp de concentration du\u00a0Vernet d\u2019Ari\u00e8ge]<\/p>\n<p style=\"text-align: left;\"><i>Belle soir\u00e9e\u00a0! Belle intimit\u00e9 et belle sinc\u00e9rit\u00e9 de vos d\u00e9placements de clown chat.\u00a0Merci pour ces tranches de vie en bas des escaliers, ces jolis \u00e9changes entre ces gens d&rsquo;histoires profondes, d&rsquo;espoir et de douleur, de combats et de recherche, et cette permanence d&rsquo;un regard qui nous perce et qui nous renvoie au fond de nous, de notre v\u00e9rit\u00e9 sensible. <\/i><strong>Fran\u00e7ois Fehner<\/strong>,<span style=\"color: #0070e0;\"><b> AGIT- Th\u00e9\u00e2tre <\/b><\/span>[Toulouse-31]<\/p>\n<p style=\"text-align: left;\"><i>Je ne sais pas si cette repr\u00e9sentation est de celle dont on parlait le matin, que l\u2019on dit de r\u00e9f\u00e9rence ou si cette qualit\u00e9 de jeu est la norme du spectacle, en tout cas vous nous avez r\u00e9gal\u00e9s. Bravo ! La pr\u00e9cision du jeu, le rythme, l\u2019\u00e9motion, le rire, la corporalit\u00e9, le texte, tout nous rend ce personnage attachant et complice. Longue vie \u00e0 Mme Janine. <\/i><strong>Jean-Marie Combelles,<\/strong><span style=\"color: #0070e0;\"> <b>Th\u00e9\u00e2tre de la Luciole <\/b><\/span>[82]<b><br \/>\n<\/b><\/p>\n<p style=\"text-align: left;\"><i>Enfin un spectacle d&rsquo;humour tendre et intelligent! A voir en famille, sans mod\u00e9ration, que du bonheur! Anne-Marie Camus est clown, dans la plus pure tradition, moins le nez rouge et les grandes chaussures, mais avec la tendresse, la na\u00efvet\u00e9, la pudeur qui font un bien fou. Lorsqu\u2019on lit Bergson, on apprend que le rire na\u00eet toujours aux d\u00e9pends de quelqu\u2019un. On rit des malheurs d\u2019un autre ou de soi-m\u00eame (qui dans ce cas en est un \u2013 autre). Gr\u00e2ce \u00e0 Anne- Marie CAMUS j\u2019ai appris \u00e0 rire AVEC \u00ab\u00a0Madame Janine\u00a0\u00bb, tant l\u2019univers dans lequel ELLES nous entra\u00eenent est fusionnel. <\/i><i>J\u2019ai senti rena\u00eetre en moi mes restes de tendresse, mes propres mala -dresses, mes capacit\u00e9s de liesse. J\u2019ai retrouv\u00e9 le petit monde fragile et f\u00eal\u00e9 qui m\u2019a fait grandir et que j\u2019avais eu peur, un temps, d\u2019avoir oubli\u00e9. <\/i><strong>Alain Cornuet<\/strong>, responsable du<b><span style=\"color: #0070e0;\"> FRIGO d&rsquo;Actal<\/span>\u00a0 <\/b>[Albi-82]<\/p>\n<p style=\"text-align: left;\"><i>Encore bravo pour cet univers si particulier, \u00e0 la fois \u00e9nergique et sensible, que vous avez fait exister sur la sc\u00e8ne du th\u00e9\u00e2tre<\/i>. <strong>Didier Albert<\/strong> et toute l&rsquo;\u00e9quipe du <span style=\"color: #0070e0;\"><strong>Th\u00e9\u00e2tre de Poche\u00a0\u00a0\u00a0\u00a0\u00a0\u00a0\u00a0\u00a0\u00a0\u00a0\u00a0\u00a0\u00a0\u00a0\u00a0 <\/strong><\/span>[Toulouse-31]<\/p>\n<p style=\"text-align: left;\"><i>Intelligent&#8230;, dr\u00f4le&#8230; un moment de bonheur ! La grande histoire racont\u00e9e par les petites gens&#8230;. j&rsquo;ai ador\u00e9 ! <\/i><strong>Nathalie Dewoitine,<\/strong><span style=\"color: #0070e0;\"><b> Th\u00e9\u00e2tre de Poche<\/b><\/span> [Toulouse-31]<\/p>\n<p style=\"text-align: left;\"><i>Spectacle sensible, \u00ab\u00a0Monsieur To\u00f1o\u00a0\u00bb met en sc\u00e8ne Janine, une concierge \u00e9mouvante et po\u00e9tique qui va nous entra\u00eener sur de nombreuses pistes,\u00a0dont\u00a0celle, historique et engag\u00e9e,\u00a0de l\u2019Espagne r\u00e9publicaine. Madame Janine\u00a0traite de sujets graves avec une grande tendresse et beaucoup d\u2019humour. Il s\u2019agit d\u2019un spectacle tonique auquel il faut s\u2019adonner sans mod\u00e9ration\u00a0! <\/i><strong>Marie-Th\u00e9r\u00e8se Escarmant<\/strong>,<span style=\"color: #0070e0;\"><b> Maire-Adjointe \u00e0 l&rsquo;Art et la Culture<\/b><\/span> [Sainte Foy-la-Grande-33]<\/p>\n<p style=\"text-align: left;\"><i>Po\u00e9sie d&rsquo;un lieu par les personnages qui l&rsquo;habitent. Mme Janine vient dessiner chaque espace dans l&rsquo; esprit du spectateur, qui, de surprise en surprise d\u00e9couvre tout un univers. Ses personnages nous offrent des moments pr\u00e9cieux, ceux de leurs \u00e9changes, leurs histoires et moments partag\u00e9s. <\/i><i>Des d\u00e9parts lointains, aux \u00e9chos de r\u00e9voltes, en passant par la fantaisie d&rsquo;un fils \u00e0 la recherche d&rsquo;une expression, Mme Janine nous donne sa relation \u00e0 tout ce beau monde, \u00e0 tout son beau monde. Des personnages incarn\u00e9s avec g\u00e9n\u00e9rosit\u00e9 dans le jeu, qui porte un \u00e9criture riche d&rsquo;\u00e9motions, c&rsquo;est ainsi que le voyage va de soi&#8230;Longue vie \u00e0 Mme Janine et son voisinage! <\/i><strong>Nicolas Julian<\/strong>,<span style=\"color: #0070e0;\"><b> com\u00e9dien <\/b><\/span>[Toulouse-31]<\/p>\n<p style=\"text-align: left;\"><i>Merci Madame Janine! C&rsquo;est la lumi\u00e8re des\u00a0 anonymes comme vous qui \u00e9claire le monde. C&rsquo;est votre simplicit\u00e9 qui fait \u00ab\u00a0dessiner de nouveaux chemins\u00a0\u00bb. Merci de faire venir \u00ab\u00a0le jour et ses clart\u00e9s, enfin\u00a0\u00bb\u00a0! Merci de vous faire connaitre! <\/i><strong>Nicky Messac,<\/strong><span style=\"color: #0070e0;\"><b> conteuse <\/b><\/span>[l&rsquo;Union-31]<\/p>\n<p style=\"text-align: left;\"><span style=\"color: #000000;\"><i>Vous redire que j&rsquo;ai beaucoup aim\u00e9 : le texte intelligent, le m\u00e9lange d&rsquo;humour et d&rsquo;\u00e9motion parfaitement dos\u00e9, la prestation de la com\u00e9dienne. On sort de l\u00e0 admiratif pour l&rsquo;interpr\u00e8te et amoureux(se) de Monsieur To\u00f1o. <\/i><\/span><strong>Danielle Veneziani<\/strong>,<span style=\"color: #0070e0;\"><b> Th\u00e9\u00e2tre de l&rsquo; Ecluse <\/b><\/span>[ Saint-Jean-31]<\/p>\n<p style=\"text-align: left;\"><em>Le parti pris de faire parler un h\u00e9ros anonyme de la guerre d&rsquo;Espagne se transforme en une partition hom\u00e9rique digne d&rsquo;int\u00e9r\u00eat.\u00a0Bravo et merci. <\/em><strong>Roland Murat<\/strong>,<strong><span style=\"color: #0070e0;\"> ex-pr\u00e9sident de l&rsquo;union<\/span><\/strong><span style=\"color: #0070e0;\"><strong> r\u00e9gionale FNCTA<\/strong><\/span> [ F\u00e9d\u00e9ration Nationale des Compagnies de Th\u00e9\u00e2tre et d&rsquo;Animation)]<\/p>\n<p>&nbsp;<\/p>\n<p>&nbsp;<\/p>\n","protected":false},"excerpt":{"rendered":"<p>[Extraits du cahier du m\u00eame nom mis \u00e0 disposition du public et des organisateurs] J&rsquo;ai \u00e9t\u00e9 subjugu\u00e9e par l&rsquo;excellence de ce spectacle. Ce texte est magnifique, et magnifiquement servi: puissance d&rsquo;\u00e9vocation, fra\u00eecheur\u00a0\u00a0des \u00e9motions, subtilit\u00e9 de l&rsquo;interpr\u00e9tation, soin des ruptures, diversit\u00e9 des registres&#8230;..Un grand merci aux artistes, mais aussi aux chaleureux accueillants de ce spectacle rare. &hellip; <a href=\"http:\/\/annemariecamus.erleko.eu\/wordpress\/?page_id=151\" class=\"more-link\">Continuer la lecture de <span class=\"screen-reader-text\">Echos du spectacle<\/span> <span class=\"meta-nav\">&rarr;<\/span><\/a><\/p>\n","protected":false},"author":1,"featured_media":0,"parent":0,"menu_order":0,"comment_status":"closed","ping_status":"closed","template":"","meta":{"footnotes":""},"_links":{"self":[{"href":"http:\/\/annemariecamus.erleko.eu\/wordpress\/index.php?rest_route=\/wp\/v2\/pages\/151"}],"collection":[{"href":"http:\/\/annemariecamus.erleko.eu\/wordpress\/index.php?rest_route=\/wp\/v2\/pages"}],"about":[{"href":"http:\/\/annemariecamus.erleko.eu\/wordpress\/index.php?rest_route=\/wp\/v2\/types\/page"}],"author":[{"embeddable":true,"href":"http:\/\/annemariecamus.erleko.eu\/wordpress\/index.php?rest_route=\/wp\/v2\/users\/1"}],"replies":[{"embeddable":true,"href":"http:\/\/annemariecamus.erleko.eu\/wordpress\/index.php?rest_route=%2Fwp%2Fv2%2Fcomments&post=151"}],"version-history":[{"count":16,"href":"http:\/\/annemariecamus.erleko.eu\/wordpress\/index.php?rest_route=\/wp\/v2\/pages\/151\/revisions"}],"predecessor-version":[{"id":783,"href":"http:\/\/annemariecamus.erleko.eu\/wordpress\/index.php?rest_route=\/wp\/v2\/pages\/151\/revisions\/783"}],"wp:attachment":[{"href":"http:\/\/annemariecamus.erleko.eu\/wordpress\/index.php?rest_route=%2Fwp%2Fv2%2Fmedia&parent=151"}],"curies":[{"name":"wp","href":"https:\/\/api.w.org\/{rel}","templated":true}]}}