{"id":610,"date":"2014-06-27T06:47:07","date_gmt":"2014-06-27T08:47:07","guid":{"rendered":"http:\/\/annemariecamus.erleko.eu\/wordpress\/?page_id=610"},"modified":"2018-04-09T07:36:20","modified_gmt":"2018-04-09T09:36:20","slug":"a-domicile","status":"publish","type":"page","link":"http:\/\/annemariecamus.erleko.eu\/wordpress\/?page_id=610","title":{"rendered":"A Domicile"},"content":{"rendered":"<p><strong><span style=\"font-size: 10pt; color: #3366ff;\">\u00ab\u00a0LE FAUBOURG DES COUPS-DE-TRIQUE\u00a0\u00bb<\/span><\/strong> et <strong><span style=\"font-size: 10pt; color: #3366ff;\">\u00ab\u00a0MONSIEUR TO\u00d1O\u00a0\u00bb <\/span><\/strong>se jouent aussi <strong>\u00e0 domicile<\/strong>, dans les salles \u00e0 manger, les cours int\u00e9rieures de maison, de ferme, les jardins, les granges, les vergers et autres lieux n&rsquo;ayant pas pour vocation premi\u00e8re l&rsquo;accueil de spectacles.\u00a0\u00a0\u00a0\u00a0\u00a0\u00a0\u00a0\u00a0\u00a0\u00a0\u00a0 \u00a0 \u00a0 \u00a0 \u00a0\u00a0 <strong>Ici c&rsquo;est un particulier qui est organisateur <\/strong>et qui invite les futurs spectateurs.<\/p>\n<p>Jusqu&rsquo;\u00e0 pr\u00e9sent, les h\u00f4tes du spectacle ont toujours associ\u00e9 \u00e0 ce dernier,\u00a0 un moment convivial autour d&rsquo;un<strong> go\u00fbter<\/strong>, un <strong>ap\u00e9ritif<\/strong> ou un<strong> buffet, <\/strong>moment que partage la com\u00e9dienne avec les invit\u00e9s.<br \/>\n<div id=\"metaslider-id-638\" style=\"max-width: 700px;\" class=\"ml-slider-3-16-4 metaslider metaslider-nivo metaslider-638 ml-slider\">\n    <div id=\"metaslider_container_638\">\n        <div class='slider-wrapper theme-default'><div class='ribbon'><\/div><div id='metaslider_638' class='nivoSlider'><img loading=\"lazy\" decoding=\"async\" src=\"http:\/\/annemariecamus.erleko.eu\/wordpress\/wp-content\/uploads\/2014\/06\/slide_dom1-621x534.jpg\" height=\"601\" width=\"700\" alt=\"\" class=\"slider-638 slide-630\" \/><img loading=\"lazy\" decoding=\"async\" src=\"http:\/\/annemariecamus.erleko.eu\/wordpress\/wp-content\/uploads\/2014\/06\/slide_dom8-224x192.jpg\" height=\"601\" width=\"700\" alt=\"\" class=\"slider-638 slide-637\" \/><img loading=\"lazy\" decoding=\"async\" src=\"http:\/\/annemariecamus.erleko.eu\/wordpress\/wp-content\/uploads\/2014\/06\/slide_dom2-698x600.jpg\" height=\"601\" width=\"700\" alt=\"\" class=\"slider-638 slide-631\" \/><img loading=\"lazy\" decoding=\"async\" src=\"http:\/\/annemariecamus.erleko.eu\/wordpress\/wp-content\/uploads\/2014\/06\/slide-dom3-698x600.jpg\" height=\"601\" width=\"700\" alt=\"\" class=\"slider-638 slide-633\" \/><img loading=\"lazy\" decoding=\"async\" src=\"http:\/\/annemariecamus.erleko.eu\/wordpress\/wp-content\/uploads\/2014\/06\/slide_dom10-496x425.jpg\" height=\"601\" width=\"700\" alt=\"\" class=\"slider-638 slide-635\" \/><\/div><\/div>\n        \n    <\/div>\n<\/div><\/p>\n<p><span style=\"color: #000000;\"><em><strong> Je trouve magnifique d&rsquo;introduire, chez les gens, au plus intime donc de leur quotidien, cette forme artistique trop rare et de donner \u00e0 chacun la possibilit\u00e9 d&rsquo;y r\u00e9agir informellement et librement par opposition aux conf\u00e9rences ou d\u00e9bats de cin\u00e9-club par exemple o\u00f9 la l\u00e9gitimit\u00e9 de la parole est souvent confisqu\u00e9e par des \u00ab\u00a0t\u00e9nors\u00a0\u00bb locaux grands ou petits, aussi int\u00e9ressants et sensibles soient-ils. Ca permet une forme de d\u00e9mocratie et de r\u00e9-ancrage dans le c\u00f4t\u00e9 sacr\u00e9 de l&rsquo;art: trouver dans un miroir le visage de notre humanit\u00e9 et des fen\u00eatres vers d&rsquo;autres possibles.<\/strong> <\/em>Maxime B.C.<\/span><\/p>\n<p><span style=\"color: #000000;\"><strong><em>Grand merci pour ce qui s&rsquo;est pass\u00e9 hier soir \/&#8230;\/ cette soir\u00e9e o\u00f9 les gens se sont brass\u00e9s&#8230;c&rsquo;est si pr\u00e9cieux ! <\/em><\/strong>Paule A.<\/span><\/p>\n<p><span style=\"color: #000000;\"><em><strong>La fraternit\u00e9 humaine&#8230; je voulais partager ce spectacle avec mes amis le jour de mon anniversaire. Transmettre aussi aux plus jeunes. Faire un moment dans \u00ab\u00a0ce\u00a0\u00bb moment. Pour \u00eatre sujet de discussion, de souvenirs, de r\u00e9flexion, d&rsquo;\u00e9motions. Merci \u00e0 vous car ce fut r\u00e9ussi !! <\/strong><\/em>Val\u00e9rie R.C.<\/span><\/p>\n","protected":false},"excerpt":{"rendered":"<p>\u00ab\u00a0LE FAUBOURG DES COUPS-DE-TRIQUE\u00a0\u00bb et \u00ab\u00a0MONSIEUR TO\u00d1O\u00a0\u00bb se jouent aussi \u00e0 domicile, dans les salles \u00e0 manger, les cours int\u00e9rieures de maison, de ferme, les jardins, les granges, les vergers et autres lieux n&rsquo;ayant pas pour vocation premi\u00e8re l&rsquo;accueil de spectacles.\u00a0\u00a0\u00a0\u00a0\u00a0\u00a0\u00a0\u00a0\u00a0\u00a0\u00a0 \u00a0 \u00a0 \u00a0 \u00a0\u00a0 Ici c&rsquo;est un particulier qui est organisateur et qui invite &hellip; <a href=\"http:\/\/annemariecamus.erleko.eu\/wordpress\/?page_id=610\" class=\"more-link\">Continuer la lecture de <span class=\"screen-reader-text\">A Domicile<\/span> <span class=\"meta-nav\">&rarr;<\/span><\/a><\/p>\n","protected":false},"author":2,"featured_media":0,"parent":81,"menu_order":0,"comment_status":"closed","ping_status":"closed","template":"","meta":{"footnotes":""},"_links":{"self":[{"href":"http:\/\/annemariecamus.erleko.eu\/wordpress\/index.php?rest_route=\/wp\/v2\/pages\/610"}],"collection":[{"href":"http:\/\/annemariecamus.erleko.eu\/wordpress\/index.php?rest_route=\/wp\/v2\/pages"}],"about":[{"href":"http:\/\/annemariecamus.erleko.eu\/wordpress\/index.php?rest_route=\/wp\/v2\/types\/page"}],"author":[{"embeddable":true,"href":"http:\/\/annemariecamus.erleko.eu\/wordpress\/index.php?rest_route=\/wp\/v2\/users\/2"}],"replies":[{"embeddable":true,"href":"http:\/\/annemariecamus.erleko.eu\/wordpress\/index.php?rest_route=%2Fwp%2Fv2%2Fcomments&post=610"}],"version-history":[{"count":15,"href":"http:\/\/annemariecamus.erleko.eu\/wordpress\/index.php?rest_route=\/wp\/v2\/pages\/610\/revisions"}],"predecessor-version":[{"id":1000,"href":"http:\/\/annemariecamus.erleko.eu\/wordpress\/index.php?rest_route=\/wp\/v2\/pages\/610\/revisions\/1000"}],"up":[{"embeddable":true,"href":"http:\/\/annemariecamus.erleko.eu\/wordpress\/index.php?rest_route=\/wp\/v2\/pages\/81"}],"wp:attachment":[{"href":"http:\/\/annemariecamus.erleko.eu\/wordpress\/index.php?rest_route=%2Fwp%2Fv2%2Fmedia&parent=610"}],"curies":[{"name":"wp","href":"https:\/\/api.w.org\/{rel}","templated":true}]}}