{"id":81,"date":"2013-10-16T16:11:11","date_gmt":"2013-10-16T14:11:11","guid":{"rendered":"http:\/\/127.0.0.1:4001\/wordpress\/?page_id=81"},"modified":"2014-01-17T16:50:10","modified_gmt":"2014-01-17T18:50:10","slug":"spectacles-comedienne","status":"publish","type":"page","link":"http:\/\/annemariecamus.erleko.eu\/wordpress\/?page_id=81","title":{"rendered":"SPECTACLES"},"content":{"rendered":"<p>Deux\u00a0 phrases dans lesquelles se reconna\u00eetre:<\/p>\n<p><span style=\"font-size: medium;\"><strong><span style=\"color: #3366ff;\">\u00ab\u00a0De toutes les \u00e9coles de patience et de lucidit\u00e9, la cr\u00e9ation est la plus efficace\u00a0\u00bb<\/span><\/strong>\u00a0[<\/span>Albert Camus] et&#8230;\u00a0 <span style=\"font-size: medium;\"><strong><span style=\"color: #3366ff;\">\u00ab\u00a0Comme il faut travailler pour \u00eatre naturel\u00a0\u00bb !\u00a0 <\/span><\/strong><\/span><span style=\"color: #3366ff;\"><span style=\"color: #000000;\">[<\/span><\/span>Louis Jouvet]<\/p>\n<p><span style=\"color: #3366ff; font-size: large;\"><strong>Anne-Marie CAMUS<\/strong>,<\/span> com\u00e9dienne, lectrice, clown de th\u00e9\u00e2tre et auteur avec l&rsquo;\u00e9criture de la nouvelle\u00a0 \u00ab\u00a0Monsieur TO\u00d1O\u00a0\u00bb,\u00a0 <span style=\"color: #3366ff; font-size: large;\"><strong>r\u00e9alise aussi des cr\u00e9ations<\/strong> <\/span>sous forme de lecture-spectacles,\u00a0 selon les projets qui lui sont confi\u00e9s.<\/p>\n<p>&nbsp;<\/p>\n","protected":false},"excerpt":{"rendered":"<p>Deux\u00a0 phrases dans lesquelles se reconna\u00eetre: \u00ab\u00a0De toutes les \u00e9coles de patience et de lucidit\u00e9, la cr\u00e9ation est la plus efficace\u00a0\u00bb\u00a0[Albert Camus] et&#8230;\u00a0 \u00ab\u00a0Comme il faut travailler pour \u00eatre naturel\u00a0\u00bb !\u00a0 [Louis Jouvet] Anne-Marie CAMUS, com\u00e9dienne, lectrice, clown de th\u00e9\u00e2tre et auteur avec l&rsquo;\u00e9criture de la nouvelle\u00a0 \u00ab\u00a0Monsieur TO\u00d1O\u00a0\u00bb,\u00a0 r\u00e9alise aussi des cr\u00e9ations sous forme &hellip; <a href=\"http:\/\/annemariecamus.erleko.eu\/wordpress\/?page_id=81\" class=\"more-link\">Continuer la lecture de <span class=\"screen-reader-text\">SPECTACLES<\/span> <span class=\"meta-nav\">&rarr;<\/span><\/a><\/p>\n","protected":false},"author":1,"featured_media":0,"parent":0,"menu_order":0,"comment_status":"closed","ping_status":"closed","template":"","meta":{"footnotes":""},"_links":{"self":[{"href":"http:\/\/annemariecamus.erleko.eu\/wordpress\/index.php?rest_route=\/wp\/v2\/pages\/81"}],"collection":[{"href":"http:\/\/annemariecamus.erleko.eu\/wordpress\/index.php?rest_route=\/wp\/v2\/pages"}],"about":[{"href":"http:\/\/annemariecamus.erleko.eu\/wordpress\/index.php?rest_route=\/wp\/v2\/types\/page"}],"author":[{"embeddable":true,"href":"http:\/\/annemariecamus.erleko.eu\/wordpress\/index.php?rest_route=\/wp\/v2\/users\/1"}],"replies":[{"embeddable":true,"href":"http:\/\/annemariecamus.erleko.eu\/wordpress\/index.php?rest_route=%2Fwp%2Fv2%2Fcomments&post=81"}],"version-history":[{"count":3,"href":"http:\/\/annemariecamus.erleko.eu\/wordpress\/index.php?rest_route=\/wp\/v2\/pages\/81\/revisions"}],"predecessor-version":[{"id":502,"href":"http:\/\/annemariecamus.erleko.eu\/wordpress\/index.php?rest_route=\/wp\/v2\/pages\/81\/revisions\/502"}],"wp:attachment":[{"href":"http:\/\/annemariecamus.erleko.eu\/wordpress\/index.php?rest_route=%2Fwp%2Fv2%2Fmedia&parent=81"}],"curies":[{"name":"wp","href":"https:\/\/api.w.org\/{rel}","templated":true}]}}