{"id":83,"date":"2013-10-16T16:11:41","date_gmt":"2013-10-16T14:11:41","guid":{"rendered":"http:\/\/127.0.0.1:4001\/wordpress\/?page_id=83"},"modified":"2015-10-09T13:43:31","modified_gmt":"2015-10-09T15:43:31","slug":"monsieur-tono","status":"publish","type":"page","link":"http:\/\/annemariecamus.erleko.eu\/wordpress\/?page_id=83","title":{"rendered":"\u00ab Monsieur TO\u00d1O \u00bb"},"content":{"rendered":"<p>&nbsp;<\/p>\n<p style=\"text-align: justify;\">Solo th\u00e9\u00e2tral \u00e0 6 personnages, \u00e9crit par Anne-Marie Camus, adapt\u00e9 et mis en sc\u00e8ne par Charles Gimat.<\/p>\n<p style=\"text-align: justify;\"><span style=\"color: #0070e0;\"><strong>\u00ab Janine y To\u00f1o , une histoire d&rsquo;amour entre la France et l&rsquo;Espagne r\u00e9publicaineS ! Encore\u00a0!\u00a0 i Mas\u00a0! Un spectacle\u00a0empreint de respect qui se savoure sans mod\u00e9ration,<span style=\"color: #3366ff;\"> \u00e0<\/span> voir et \u00e0 revoir, tellement c\u2019est beau\u00a0!\u00a0\u00bb<\/strong><\/span><i>. <\/i>Raymond Cubells, Pr\u00e9sident de l\u2019 A.A.I.<b> <\/b>[Amicale des Anciens Intern\u00e9s Politiques et R\u00e9sistants du camp de concentration du Vernet d&rsquo;Ari\u00e8ge]<\/p>\n<p style=\"text-align: justify;\">NOTES DE MISE EN SCENE<\/p>\n<p style=\"text-align: justify;\"><span style=\"color: #0070e0;\"><strong>\u00ab\u00a0La nouvelle d&rsquo;Anne-Marie Camus est exigeante, toute en finesse. Elle sugg\u00e8re plus qu&rsquo;elle ne d\u00e9crit, elle s&rsquo;engage en souriant. Elle est profonde, cisel\u00e9e comme un ha\u00efku et l\u00e9g\u00e8re comme une fable.\u00a0Pour la porter sur sc\u00e8ne et lui rester fid\u00e8le, j&rsquo;ai propos\u00e9 \u00e0 l&rsquo;actrice un jeu mixant les \u00ab\u00a0registres\u00a0\u00bb, glissant du conte au th\u00e9\u00e2tre, sugg\u00e9rant le caf\u00e9-th\u00e9\u00e2tre, d\u00e9rapant sur une esquisse clownesque pour se ressourcer dans le chant. Une rude partition que Madame Janine, h\u00e9ro\u00efne des temps modernes, traverse avec \u00a0 jubilation\u00a0\u00bb. <\/strong><\/span>Charles Gimat<\/p>\n<p style=\"text-align: justify;\"><span style=\"font-size: 10pt;\"><strong>Production<\/strong>:\u00a0 <\/span><span style=\"font-size: 10pt;\">SmartFr<\/span><span style=\"font-size: 10pt;\">\u00a0 La Nouvelle Aventure &#8211; Si\u00e8ge social: 75 rue L\u00e9on Gambetta- 59000 Lille- \u00a0 \u00a0 \u00a0 \u00a0 \u00a0 \u00a0 \u00a0 \u00a0 \u00a0 \u00a0 \u00a0 \u00a0 \u00a0 \u00a0\u00a0 \u00a0\u00a0 \u00a0\u00a0 Licence\/cat\u00e9gorie: 2-1055255, 3-1055256<\/span><\/p>\n","protected":false},"excerpt":{"rendered":"<p>&nbsp; Solo th\u00e9\u00e2tral \u00e0 6 personnages, \u00e9crit par Anne-Marie Camus, adapt\u00e9 et mis en sc\u00e8ne par Charles Gimat. \u00ab Janine y To\u00f1o , une histoire d&rsquo;amour entre la France et l&rsquo;Espagne r\u00e9publicaineS ! Encore\u00a0!\u00a0 i Mas\u00a0! Un spectacle\u00a0empreint de respect qui se savoure sans mod\u00e9ration, \u00e0 voir et \u00e0 revoir, tellement c\u2019est beau\u00a0!\u00a0\u00bb. Raymond Cubells, &hellip; <a href=\"http:\/\/annemariecamus.erleko.eu\/wordpress\/?page_id=83\" class=\"more-link\">Continuer la lecture de <span class=\"screen-reader-text\">\u00ab Monsieur TO\u00d1O \u00bb<\/span> <span class=\"meta-nav\">&rarr;<\/span><\/a><\/p>\n","protected":false},"author":1,"featured_media":0,"parent":0,"menu_order":0,"comment_status":"closed","ping_status":"closed","template":"","meta":{"footnotes":""},"_links":{"self":[{"href":"http:\/\/annemariecamus.erleko.eu\/wordpress\/index.php?rest_route=\/wp\/v2\/pages\/83"}],"collection":[{"href":"http:\/\/annemariecamus.erleko.eu\/wordpress\/index.php?rest_route=\/wp\/v2\/pages"}],"about":[{"href":"http:\/\/annemariecamus.erleko.eu\/wordpress\/index.php?rest_route=\/wp\/v2\/types\/page"}],"author":[{"embeddable":true,"href":"http:\/\/annemariecamus.erleko.eu\/wordpress\/index.php?rest_route=\/wp\/v2\/users\/1"}],"replies":[{"embeddable":true,"href":"http:\/\/annemariecamus.erleko.eu\/wordpress\/index.php?rest_route=%2Fwp%2Fv2%2Fcomments&post=83"}],"version-history":[{"count":15,"href":"http:\/\/annemariecamus.erleko.eu\/wordpress\/index.php?rest_route=\/wp\/v2\/pages\/83\/revisions"}],"predecessor-version":[{"id":781,"href":"http:\/\/annemariecamus.erleko.eu\/wordpress\/index.php?rest_route=\/wp\/v2\/pages\/83\/revisions\/781"}],"wp:attachment":[{"href":"http:\/\/annemariecamus.erleko.eu\/wordpress\/index.php?rest_route=%2Fwp%2Fv2%2Fmedia&parent=83"}],"curies":[{"name":"wp","href":"https:\/\/api.w.org\/{rel}","templated":true}]}}