{"id":933,"date":"2018-03-12T05:47:57","date_gmt":"2018-03-12T07:47:57","guid":{"rendered":"http:\/\/annemariecamus.erleko.eu\/wordpress\/?page_id=933"},"modified":"2021-10-05T13:42:31","modified_gmt":"2021-10-05T15:42:31","slug":"feaubourg","status":"publish","type":"page","link":"http:\/\/annemariecamus.erleko.eu\/wordpress\/?page_id=933","title":{"rendered":"\u00ab\u00a0Le Faubourg des Coups-de-Trique\u00a0\u00bb"},"content":{"rendered":"<p style=\"text-align: left;\" align=\"center\"><span style=\"color: #000000; font-family: trebuchet ms,geneva,sans-serif;\">Solo th\u00e9\u00e2tral avec plus d&rsquo;une dizaine de personnages, adapt\u00e9 et mis en sc\u00e8ne par Charles Gimat, jou\u00e9 par Anne-Marie Camus, d&rsquo;apr\u00e8s le roman d&rsquo;Alain Gerber.\u00a0<\/span> <strong><span style=\"font-family: Trebuchet MS; color: #0000ff;\">\u00a0\u00a0\u00a0\u00a0\u00a0\u00a0\u00a0\u00a0\u00a0\u00a0\u00a0\u00a0\u00a0\u00a0\u00a0\u00a0\u00a0\u00a0\u00a0\u00a0\u00a0\u00a0\u00a0\u00a0\u00a0\u00a0\u00a0\u00a0\u00a0\u00a0\u00a0\u00a0\u00a0\u00a0\u00a0\u00a0\u00a0\u00a0\u00a0\u00a0\u00a0\u00a0\u00a0\u00a0\u00a0\u00a0\u00a0\u00a0\u00a0\u00a0\u00a0\u00a0\u00a0\u00a0\u00a0\u00a0\u00a0\u00a0\u00a0\u00a0\u00a0\u00a0\u00a0\u00a0\u00a0\u00a0\u00a0\u00a0\u00a0\u00a0\u00a0\u00a0\u00a0\u00a0\u00a0\u00a0\u00a0\u00a0\u00a0\u00a0\u00a0\u00a0\u00a0\u00a0 \u00a0 \u00a0 \u00a0 \u00a0 \u00a0 \u00a0 \u00a0 \u00a0 \u00a0 \u00a0 \u00a0 \u00a0\u00a0 <\/span><\/strong><\/p>\n<p style=\"text-align: left;\" align=\"center\"><span style=\"color: #3366ff;\"><strong><span style=\"font-size: 12pt;\"><span style=\"font-family: Trebuchet MS;\">Belfort, quartier populaire,1936-1939-<\/span><\/span><span style=\"font-family: Trebuchet MS;\">\u00a0 <\/span><\/strong><span style=\"font-family: Trebuchet MS;\">Au Faubourg des Coups-de-Trique, vous y verrez la jeune Agathe luttant pour devenir institutrice, vous y verrez Rom\u00e9o le recolleur d\u2019assiettes dans son minuscule atelier, vous y verrez la Rolls de l\u2019\u00e9tonnant \u00ab Passe-Lacet \u00bb d\u00e9barquer dans une usine en gr\u00e8ve, vous y verrez surtout Gentil N\u2019a Qu\u2019un \u0152il, ancien soldat de la coloniale, enflammer le Luxhof avec sa clarinette, vous le verrez enseigner la musique \u00e0 l\u2019enfant Th\u00e9o, ainsi qu\u2019un tas d\u2019autres choses comme la justice et l\u2019injustice, les r\u00eaves et les paysages, la fraternit\u00e9 et la libert\u00e9, tous les soleils qui tournent et caressent et puis aussi que mourir est inutile, mais c\u2019est obligatoire. Bienvenue au Faubourg !<\/span><\/span><\/p>\n<div align=\"center\"><\/div>\n<div align=\"center\"><\/div>\n<div align=\"center\"><\/div>\n<div align=\"center\"><\/div>\n<p style=\"text-align: left;\"><strong>Production<\/strong>:\u00a0 <strong>ABC Actions Culturelles<\/strong>&#8211; 63 boulevard Silvio Trentin- 31200 TOULOUSE Licences: 2-1042948 et 3-1042947<\/p>\n","protected":false},"excerpt":{"rendered":"<p>Solo th\u00e9\u00e2tral avec plus d&rsquo;une dizaine de personnages, adapt\u00e9 et mis en sc\u00e8ne par Charles Gimat, jou\u00e9 par Anne-Marie Camus, d&rsquo;apr\u00e8s le roman d&rsquo;Alain Gerber.\u00a0 \u00a0\u00a0\u00a0\u00a0\u00a0\u00a0\u00a0\u00a0\u00a0\u00a0\u00a0\u00a0\u00a0\u00a0\u00a0\u00a0\u00a0\u00a0\u00a0\u00a0\u00a0\u00a0\u00a0\u00a0\u00a0\u00a0\u00a0\u00a0\u00a0\u00a0\u00a0\u00a0\u00a0\u00a0\u00a0\u00a0\u00a0\u00a0\u00a0\u00a0\u00a0\u00a0\u00a0\u00a0\u00a0\u00a0\u00a0\u00a0\u00a0\u00a0\u00a0\u00a0\u00a0\u00a0\u00a0\u00a0\u00a0\u00a0\u00a0\u00a0\u00a0\u00a0\u00a0\u00a0\u00a0\u00a0\u00a0\u00a0\u00a0\u00a0\u00a0\u00a0\u00a0\u00a0\u00a0\u00a0\u00a0\u00a0\u00a0\u00a0\u00a0\u00a0\u00a0\u00a0 \u00a0 \u00a0 \u00a0 \u00a0 \u00a0 \u00a0 \u00a0 \u00a0 \u00a0 \u00a0 \u00a0 \u00a0\u00a0 Belfort, quartier populaire,1936-1939-\u00a0 Au Faubourg des Coups-de-Trique, vous y verrez la jeune Agathe luttant pour devenir institutrice, &hellip; <a href=\"http:\/\/annemariecamus.erleko.eu\/wordpress\/?page_id=933\" class=\"more-link\">Continuer la lecture de <span class=\"screen-reader-text\">\u00ab\u00a0Le Faubourg des Coups-de-Trique\u00a0\u00bb<\/span> <span class=\"meta-nav\">&rarr;<\/span><\/a><\/p>\n","protected":false},"author":1,"featured_media":0,"parent":0,"menu_order":0,"comment_status":"closed","ping_status":"closed","template":"","meta":{"footnotes":""},"_links":{"self":[{"href":"http:\/\/annemariecamus.erleko.eu\/wordpress\/index.php?rest_route=\/wp\/v2\/pages\/933"}],"collection":[{"href":"http:\/\/annemariecamus.erleko.eu\/wordpress\/index.php?rest_route=\/wp\/v2\/pages"}],"about":[{"href":"http:\/\/annemariecamus.erleko.eu\/wordpress\/index.php?rest_route=\/wp\/v2\/types\/page"}],"author":[{"embeddable":true,"href":"http:\/\/annemariecamus.erleko.eu\/wordpress\/index.php?rest_route=\/wp\/v2\/users\/1"}],"replies":[{"embeddable":true,"href":"http:\/\/annemariecamus.erleko.eu\/wordpress\/index.php?rest_route=%2Fwp%2Fv2%2Fcomments&post=933"}],"version-history":[{"count":21,"href":"http:\/\/annemariecamus.erleko.eu\/wordpress\/index.php?rest_route=\/wp\/v2\/pages\/933\/revisions"}],"predecessor-version":[{"id":1098,"href":"http:\/\/annemariecamus.erleko.eu\/wordpress\/index.php?rest_route=\/wp\/v2\/pages\/933\/revisions\/1098"}],"wp:attachment":[{"href":"http:\/\/annemariecamus.erleko.eu\/wordpress\/index.php?rest_route=%2Fwp%2Fv2%2Fmedia&parent=933"}],"curies":[{"name":"wp","href":"https:\/\/api.w.org\/{rel}","templated":true}]}}