{"id":942,"date":"2018-03-27T10:14:26","date_gmt":"2018-03-27T12:14:26","guid":{"rendered":"http:\/\/annemariecamus.erleko.eu\/wordpress\/?page_id=942"},"modified":"2021-10-05T14:05:59","modified_gmt":"2021-10-05T16:05:59","slug":"parcours-et-plaquette-2","status":"publish","type":"page","link":"http:\/\/annemariecamus.erleko.eu\/wordpress\/?page_id=942","title":{"rendered":"Parcours et informations"},"content":{"rendered":"<p><span style=\"color: #3366ff;\"><strong>Le <span style=\"font-size: 12pt;\">\u00ab\u00a0FAUBOURG DES COUPS-DE-TRIQUE\u00a0\u00bb\u00a0 <\/span>a pris son envol au printemps 2018!<\/strong><\/span><\/p>\n<p>\u00a4 en avant premi\u00e8re en mars 2018, au<strong> Relais de Poche<\/strong>,<strong> \u00e0 Verniolle (09)<\/strong>, avec un beau succ\u00e8s, \u00e9changes nourris apr\u00e8s-spectacle avec le public. Puis le m\u00eame mois au <strong>Th\u00e9\u00e2tre du Chien Blanc \u00e0 Toulouse<\/strong> . Tr\u00e8s bon accueil, salle pleine les 2 soirs et retours chaleureux des spectateurs <em><span style=\"font-size: 10pt;\">(cf. les \u00e9chos du Faubourg)<\/span> .<\/em> L&rsquo;\u00e9t\u00e9 2018 et ann\u00e9es suivantes: <em> <strong>S<\/strong><\/em><strong>alle Chelles- CCAS de Saint-Lys<\/strong> (31), <strong>L&rsquo;OUVERTURE<\/strong>, Caf\u00e9 associatif et culturel de Mauvezin (32), puis <strong>La Galerie ART +<\/strong> de Pamiers (09), puis <strong>chez une dizaine de particuliers <\/strong>en Haute-Garonne, dans le Gers, en Ari\u00e8ge, etc&#8230;<\/p>\n<p><span style=\"color: #000000;\">\u00a4En<\/span><span style=\"color: #000080;\"><span style=\"color: #000000;\"> mai 2021, une repr\u00e9sentation \u00e0 destination de diffuseurs\u00a0 s&rsquo;est d\u00e9roul\u00e9e au Th\u00e9\u00e2tre du Chien Blanc, suivie en juillet d&rsquo;une tourn\u00e9e gersoise, notamment au <strong>22\u00e8me Festival du Th\u00e9\u00e2tre d&rsquo;\u00e9t\u00e9 \u00e0 Samatan.\u00a0\u00a0\u00a0\u00a0\u00a0\u00a0\u00a0\u00a0\u00a0\u00a0\u00a0\u00a0\u00a0\u00a0\u00a0\u00a0\u00a0\u00a0\u00a0\u00a0\u00a0\u00a0\u00a0\u00a0\u00a0\u00a0\u00a0\u00a0\u00a0\u00a0\u00a0\u00a0\u00a0\u00a0\u00a0\u00a0\u00a0\u00a0\u00a0\u00a0\u00a0\u00a0\u00a0\u00a0\u00a0\u00a0\u00a0\u00a0\u00a0\u00a0\u00a0\u00a0\u00a0\u00a0\u00a0\u00a0\u00a0\u00a0\u00a0\u00a0\u00a0\u00a0\u00a0\u00a0\u00a0\u00a0\u00a0\u00a0\u00a0\u00a0\u00a0\u00a0\u00a0\u00a0\u00a0\u00a0\u00a0\u00a0\u00a0\u00a0\u00a0\u00a0\u00a0\u00a0\u00a0\u00a0\u00a0\u00a0\u00a0\u00a0\u00a0\u00a0\u00a0\u00a0\u00a0\u00a0\u00a0\u00a0\u00a0\u00a0\u00a0\u00a0\u00a0\u00a0\u00a0\u00a0\u00a0\u00a0\u00a0 \u00a0 \u00a0<\/strong> \u00a0 \u00a0 \u00a0 \u00a0 \u00a0 \u00a0 \u00a0\u00a0 <\/span><\/span>\u00a4 Repr\u00e9sentation les 15 et 16 octobre 2021 au Th\u00e9\u00e2tre du Chien Blanc \u00e0 Toulouse-<\/p>\n<p><em><span style=\"font-size: 10pt; font-family: courier new, courier, monospace;\">\u00a4 \u00abChers amis,<\/span><br \/><span style=\"font-size: 10pt;\"><span style=\"font-family: courier new, courier, monospace;\">C&rsquo;est un rare privil\u00e8ge pour un auteur que de d\u00e9couvrir dans l&rsquo;adaptation d&rsquo;un de ses ouvrages autre chose \u2014 et donc davantage \u2014 que ce qu&rsquo;il avait esp\u00e9r\u00e9 y mettre. <\/span><\/span><span style=\"font-family: courier new, courier, monospace;\"><span style=\"font-size: 10pt;\">Mes petits tableaux, vous les avez rehauss\u00e9s de couleurs que je n&rsquo;aurais m\u00eame pas pu r\u00eaver <\/span><span style=\"font-size: 10pt;\">d&rsquo;appliquer moi-m\u00eame, pour la simple raison qu&rsquo;elles sont n\u00e9es \u00e0 la lumi\u00e8re de votre propre histoire. Ainsi avez-vous pour de bon <strong>recr\u00e9\u00e9<\/strong> ce vieux texte, lui rendant une fra\u00eecheur qu&rsquo;il avait perdue dans mon propre souvenir. Le r\u00e9orchestrant en quelque sorte : autres accents, autres tempos, autre harmonie, autres harmoniques. L&rsquo;enrichissant d&rsquo;une exp\u00e9rience, d&rsquo;une m\u00e9moire, bref d&rsquo;une \u00ab\u00a0culture\u00a0\u00bb franchement distincts de ce qu&rsquo;ils pouvaient \u00eatre dans son environnement original. <\/span><\/span><span style=\"font-size: 10pt; font-family: courier new, courier, monospace;\">Et distincts avec un bonheur extr\u00eame. Un bonheur qui se voit, qui s&rsquo;entend, qui ne demande qu&rsquo;\u00e0 \u00eatre partag\u00e9.<\/span><br \/><span style=\"font-size: 10pt; font-family: courier new, courier, monospace;\">Je souhaite \u00e0 tous ceux qui, par imprudence ou par d\u00e9sinvolture se m\u00ealent d&rsquo;\u00e9crire, de croiser sur leur chemin des interpr\u00e8tes aussi pr\u00e9cieux que vous l&rsquo;\u00eates. <strong>Alain G.<\/strong> \u00bb (<\/span><\/em><em><span style=\"font-size: 10pt; font-family: courier new, courier, monospace;\"><strong>Message de l\u2019auteur \u00e0 propos du spectacle \u00ab Le Faubourg des Coups-de-Trique\u00bb, <\/strong><\/span><strong><span style=\"font-size: 10pt; font-family: courier new, courier, monospace;\">le 6 01 2020)<\/span> <br \/><\/strong><\/em><\/p>\n<p><span style=\"color: #800000;\"><strong><span style=\"font-size: 10pt;\"><span style=\"color: #3366ff;\">CLIQUEZ SUR LES LIENS CI-JOINTS !<\/span><br \/><\/span><\/strong><\/span><\/p>\n\n\n<p><\/p>\n","protected":false},"excerpt":{"rendered":"<p>Le \u00ab\u00a0FAUBOURG DES COUPS-DE-TRIQUE\u00a0\u00bb\u00a0 a pris son envol au printemps 2018! \u00a4 en avant premi\u00e8re en mars 2018, au Relais de Poche, \u00e0 Verniolle (09), avec un beau succ\u00e8s, \u00e9changes nourris apr\u00e8s-spectacle avec le public. Puis le m\u00eame mois au Th\u00e9\u00e2tre du Chien Blanc \u00e0 Toulouse . Tr\u00e8s bon accueil, salle pleine les 2 soirs &hellip; <a href=\"http:\/\/annemariecamus.erleko.eu\/wordpress\/?page_id=942\" class=\"more-link\">Continuer la lecture de <span class=\"screen-reader-text\">Parcours et informations<\/span> <span class=\"meta-nav\">&rarr;<\/span><\/a><\/p>\n","protected":false},"author":1,"featured_media":0,"parent":0,"menu_order":0,"comment_status":"closed","ping_status":"closed","template":"","meta":{"footnotes":""},"_links":{"self":[{"href":"http:\/\/annemariecamus.erleko.eu\/wordpress\/index.php?rest_route=\/wp\/v2\/pages\/942"}],"collection":[{"href":"http:\/\/annemariecamus.erleko.eu\/wordpress\/index.php?rest_route=\/wp\/v2\/pages"}],"about":[{"href":"http:\/\/annemariecamus.erleko.eu\/wordpress\/index.php?rest_route=\/wp\/v2\/types\/page"}],"author":[{"embeddable":true,"href":"http:\/\/annemariecamus.erleko.eu\/wordpress\/index.php?rest_route=\/wp\/v2\/users\/1"}],"replies":[{"embeddable":true,"href":"http:\/\/annemariecamus.erleko.eu\/wordpress\/index.php?rest_route=%2Fwp%2Fv2%2Fcomments&post=942"}],"version-history":[{"count":37,"href":"http:\/\/annemariecamus.erleko.eu\/wordpress\/index.php?rest_route=\/wp\/v2\/pages\/942\/revisions"}],"predecessor-version":[{"id":1104,"href":"http:\/\/annemariecamus.erleko.eu\/wordpress\/index.php?rest_route=\/wp\/v2\/pages\/942\/revisions\/1104"}],"wp:attachment":[{"href":"http:\/\/annemariecamus.erleko.eu\/wordpress\/index.php?rest_route=%2Fwp%2Fv2%2Fmedia&parent=942"}],"curies":[{"name":"wp","href":"https:\/\/api.w.org\/{rel}","templated":true}]}}