{"id":945,"date":"2018-03-27T10:14:57","date_gmt":"2018-03-27T12:14:57","guid":{"rendered":"http:\/\/annemariecamus.erleko.eu\/wordpress\/?page_id=945"},"modified":"2021-10-19T13:27:19","modified_gmt":"2021-10-19T15:27:19","slug":"echos-du-spectacle-2","status":"publish","type":"page","link":"http:\/\/annemariecamus.erleko.eu\/wordpress\/?page_id=945","title":{"rendered":"Echos du spectacle"},"content":{"rendered":"<p><span style=\"color: #000080;\">[Extraits du cahier du m\u00eame nom mis \u00e0 disposition du public et des organisateurs]<\/span><\/p>\n<p>&#8211;<span style=\"font-size: 10pt;\"><strong><span style=\"font-family: times new roman, times, serif;\"><em>Tous les \u00e9l\u00e9ments de la construction du spectacle : passages du livre choisis, sobri\u00e9t\u00e9 extr\u00eame de la sc\u00e9nographie, clart\u00e9 de la mise en sc\u00e8ne, pr\u00e9cision de la direction d\u2019acteur et engagement de la com\u00e9dienne, concourent \u00e0 nous rendre vivants et pr\u00e9sents les personnages du roman et \u00e0 nous donner envie d\u2019en savoir plus en lisant le livre. Une belle r\u00e9ussite d\u2019adaptation litt\u00e9raire \u00e0 la sc\u00e8ne. Remerciements et f\u00e9licitations. \u00a0 \u00a0 \u00a0 \u00a0 <\/em><\/span><\/strong><span style=\"font-family: times new roman, times, serif;\">JM Combelles, com\u00e9dien<\/span><strong><span style=\"font-family: times new roman, times, serif;\"> [Th\u00e9\u00e2tre du Chien Blanc, 15 10 2021]<\/span><\/strong><\/span><\/p>\n<p>&#8211;<span style=\"font-size: 10pt; font-family: book antiqua, palatino, serif;\"> Le regard vif, p\u00e9tillant de malice, la com\u00e9dienne nous embarque avec fra\u00eecheur dans le r\u00e9cit intime de personnages attachants et singuliers, qui rayonnent autour du petit Th\u00e9o dans un milieu populaire d&rsquo;avant-guerre. Pas de temps mort ici, les histoires se m\u00ealent et se d\u00e9m\u00ealent, les mots s&rsquo;entrechoquent avec all\u00e9gresse et l\u00e9g\u00e8ret\u00e9. La mise en sc\u00e8ne est joyeuse, Anne-Marie Camus s&rsquo;amuse incontestablement de nous r\u00e9v\u00e9ler tour \u00e0 tour, les facettes de ses personnages \u00e0 travers sa voix tant\u00f4t douce, tant\u00f4t forte, agr\u00e9ment\u00e9e de quelques chants qui donnent un rythme, tout comme ses multiples virevoltes sur sc\u00e8ne.\u00a0 <\/span><span style=\"font-size: 10pt; font-family: book antiqua, palatino, serif;\">Pour s\u00fbr, avec le Faubourg des coups de trique vous passerez un excellent moment et n&rsquo;aurez qu&rsquo;une h\u00e2te ensuite:\u00a0 vous procurer le texte int\u00e9gral d&rsquo;Alain Gerber. (Je l&rsquo;ai d&rsquo;ailleurs command\u00e9 hier pour l&rsquo;offrir \u00e0 ma maman -;)<strong>Laure L. <\/strong>[15 10 2021]<strong><br \/><\/strong><\/span><\/p>\n<p><span style=\"font-family: Yu Gothic Medium, sans-serif; font-size: 10pt;\"><b>&#8211;<span style=\"font-family: tahoma, arial, helvetica, sans-serif;\">Le Faubourg des Coups de Trique, un moment de grande humanit\u00e9. <\/span><\/b><\/span><span style=\"font-family: tahoma, arial, helvetica, sans-serif;\"><span style=\"font-size: 10pt;\">Le 24 juillet 2021, le Festival d&rsquo;\u00e9t\u00e9 \u00e0 Samatan (32) a eu le plaisir d&rsquo;accueillir Anne-Marie Camus dans \u00ab le Faubourg des Coups de Trique \u00bb, d&rsquo;apr\u00e8s le roman d&rsquo;Alain Gerber (mise en sc\u00e8ne de Charle Gimat). <\/span><span style=\"font-size: 10pt;\">Ce spectacle d&rsquo;une belle g\u00e9n\u00e9rosit\u00e9 a entra\u00een\u00e9 le public au c\u0153ur des difficult\u00e9s, des contradictions et des espoirs d&rsquo;une famille ouvri\u00e8re, dans les ann\u00e9es 1940, d\u00e9chir\u00e9e entre d\u00e9terminisme social et l\u00e9gitime d\u00e9sir d&rsquo;ascension d&rsquo;une des enfants. <\/span><span style=\"font-size: 10pt;\">Seule en sc\u00e8ne, la com\u00e9dienne occupe le plateau avec une \u00e9nergie et une ma\u00eetrise du corps qui nous rendent pr\u00e9sents, en un clin d&rsquo;oeil, des personnages sensibles et attachants. Les spectateurs se laissent prendre par l&rsquo;\u00e9motion que suscitent et le propos de l&rsquo;auteur et le travail de com\u00e9dienne, d&rsquo;autant plus touchant qu&rsquo;il est sobre et qu&rsquo;il ne s&rsquo;\u00e9gare jamais dans le m\u00e9lo. <\/span><span style=\"font-size: 10pt;\">Le Faubourg des Coups de Trique\u00a0 a su s\u00e9duire le public par sa grande humanit\u00e9. <\/span><\/span><span style=\"font-family: tahoma, arial, helvetica, sans-serif;\"><strong><span style=\"font-size: 10pt;\">Patricia Lethiais, <\/span><\/strong><em><span style=\"font-size: 10pt;\">Pr\u00e9sidente de Sc\u00e8nes en Vie.<\/span><\/em><\/span><\/p>\n<p>&#8211;<span style=\"font-family: georgia, palatino, serif; font-size: 10pt;\">\/&#8230;\/ \u00e9mue, touch\u00e9e, impressionn\u00e9e par la performance de cette actrice hors du commun. Entre larmes et rires elle m&rsquo;a maintenue sur le fil. Seule dans un coin de la \u00ab\u00a0Galerie d&rsquo;Art plus\u00a0\u00bb ce soir-l\u00e0, avec juste un projecteur, elle m&rsquo;a conduite dans le Faubourg, j&rsquo;y \u00e9tais, c&rsquo;est s\u00fbr. Un \u00e9norme merci. Catherine D. (Pamiers-09)<\/span><\/p>\n<p><strong><span style=\"font-family: courier new, courier, monospace; font-size: 10pt;\">-\/&#8230;\/ Par la voix, la gestuelle, et les mots, vous transformez un r\u00e9cit historique en une magnifique fresque de \u00ab\u00a0street art\u00a0\u00bb. Votre capacit\u00e9 \u00e0 nous projeter dans ces univers imag\u00e9s est impressionnante.<\/span><\/strong><span style=\"font-family: courier new, courier, monospace; font-size: 10pt;\"> G\u00e9rard Bayssi\u00e8re, photographe (Pamiers-09)<\/span><\/p>\n<p>&#8211;<span style=\"font-size: 10pt;\">On est embarqu\u00e9 tout de suite dans ce \u00ab\u00a0Faubourg des Coups de Trique\u00a0\u00bb avec tous\u00a0 ces personnages si touchants, \u00e0 facettes multiples, et pleins d&rsquo;humanit\u00e9. Anne-Marie Camus les porte avec intelligence, sans jamais stigmatiser le personnage, il est stylis\u00e9 oui,\u00a0 dans le corps, le timbre de voix, c&rsquo;est juste une mani\u00e8re de se mouvoir parfois, et nous recevons les personnages en plein c\u0153ur. Bravo pour la direction d&rsquo;acteur, la finesse et l&rsquo;exigence. Merci encore pour ce moment \u00e9mouvant, dr\u00f4le et profond. <em><b>Catherine Vaniscotte, <\/b>auteur-compositeur, interpr\u00e8te, metteuse en sc\u00e8ne.<\/em><b><\/b><\/span><\/p>\n<p><span style=\"font-size: 12pt;\"><span style=\"font-family: Trebuchet MS; font-size: 10pt;\">&#8211;<\/span>\/&#8230;\/Je n&rsquo;avais jamais entendu parler de ce roman d&rsquo;Alain Gerber \u00ab\u00a0Le faubourg des Coups de Trique\u00a0\u00bb; pourtant gr\u00e2ce \u00e0 Anne-Marie Camus, seule sur sc\u00e8ne, je peux l&rsquo;imaginer truculent, plein d&rsquo;humanit\u00e9, de lumi\u00e8res et d&rsquo;ombres.\/&#8230;\/<span style=\"font-size: 10pt;\"><strong> Catherine I.<\/strong><\/span><\/span><\/p>\n<p><span style=\"font-size: 12pt; font-family: trebuchet ms,geneva,sans-serif; color: #000000;\">&#8211;<\/span><span style=\"color: #3333ff;\"><span style=\"font-size: large;\"><span style=\"font-size: 12pt; font-family: trebuchet ms,geneva,sans-serif; color: #000000;\">Une sc\u00e8ne noire, un tabouret de bar noir, un petit carnet noir, une actrice en noir et rouge et soudain tout un monde de personnages, de couleurs et de sentiments vous \u00e9blouissent gr\u00e2ce \u00e0 la magie du jeu d&rsquo;Anne Marie Camus. <span style=\"font-size: 10pt;\"><strong>Isabelle E.<\/strong><\/span><\/span><br \/><\/span><\/span><\/p>\n<p><span style=\"color: #000000;\">&#8211;<\/span><span style=\"color: #3333ff;\"><i><span style=\"color: #000000;\">Spectacle \u00e0 la fois po\u00e9tique et politique, profond\u00e9ment humain. Un vrai moment de spectacle vivant. <span style=\"font-size: 10pt;\"><strong>Pierre L. et Marie-Carmen R.<\/strong><\/span><\/span><\/i><\/span><\/p>\n<p><span style=\"font-size: 10pt;\"><span style=\"font-family: Courier,Courier New;\">&#8211;<\/span><span style=\"font-family: Courier,Courier New;\">La magnifique performance sc\u00e9nique, la vivifiante frugalit\u00e9 de la mise en sc\u00e8ne, l&rsquo;intelligence de l&rsquo;adaptation de Charles Gimat, la mise en relief d&rsquo;un discours politique salutaire&#8230; tout cela donne envie de se pr\u00e9cipiter \u00e0 la librairie Ombres Blanches pour se plonger dans l&rsquo;\u0153uvre de Gerber. Bravo. Merci. <\/span><\/span><span style=\"font-family: Courier,Courier New; font-size: 10pt;\"><strong><em>Didier P., Martine C.<\/em><\/strong><\/span><b><\/b><\/p>\n<p><span style=\"font-size: 10pt;\">&#8211;<\/span><span style=\"font-family: book antiqua, palatino, serif;\"><span style=\"font-size: 10pt;\">\/&#8230;\/ je tiens \u00e0 vous remercier pour ce magnifique spectacle qui m&rsquo;a beaucoup \u00e9mue, transport\u00e9e et nourrie \/&#8230;\/ Merci pour les \u00e9chos qui r\u00e9sonnent encore dans mon coeur. Pour cette belle \u00e9nergie en partage. Recevez mes chaleureuses salutations. <strong>Audrey A., conteuse<\/strong> <em>(Caf\u00e9 associatif et culturel\u00a0 L&rsquo;Ouverture- Mauvezin- 32<\/em><\/span>)<\/span><\/p>\n<p class=\"western\">-La sobri\u00e9t\u00e9 du visible (d\u00e9cor, \u00e9clairage&#8230;), me permet d&rsquo;\u00eatre toute disponible au texte et au jeu (et quel jeu !!!), tout 2 suffisamment riches et denses pour me transporter instantan\u00e9ment dans ce quartier populaire, dans le quotidien de ses personnages attachants. On entend la rumeur du faubourg depuis la cuisine de la famille de Th\u00e9o, on ressent l&rsquo;\u00e9paisseur de l&rsquo;amour qui circule au sein de cette famille, on sent l&rsquo;odeur du pot-au-feu dans l&rsquo;usine&#8230; Nos sens sont sollicit\u00e9s au travers de l&rsquo;\u00e9criture et de la pr\u00e9sence sc\u00e9nique. Il me faudra du temps pour \u00ab\u00a0dig\u00e9rer\u00a0\u00bb la soir\u00e9e, je suis nourrie comme apr\u00e8s un bon moment avec des amis chers. \u00c7a vibre dans le c\u0153ur, parce que le ton est juste, l\u00e9ger et profond tout \u00e0 la fois ; \u00e7a sonne vrai, tout en sensibilit\u00e9, chaque personnage s&rsquo;exprimant depuis son humanit\u00e9 singuli\u00e8re ; un savant \u00e9quilibre entre le texte (\u00e9criture et contenu), le jeu, la mise en sc\u00e8ne, rien ne prenant le pas sur l&rsquo;autre. Me vient le mot modestie, celle devant laquelle on s&rsquo;incline. Un grand bravo et merci \u00e0 vous 3, Anne-Marie, Charles et Monsieur Gerber.\u00a0\u00a0\u00a0\u00a0\u00a0\u00a0\u00a0 <em><strong><span style=\"font-size: 10pt;\">Christine D.<\/span><\/strong><\/em><\/p>\n<p><i>-Les souvenirs de mon enfance ressurgis presque intacts. La fiert\u00e9 et l&rsquo;humilit\u00e9 de ce monde de sans grade que vous avez su faire vivre avec tant de tendresse et de bienveillance.<\/i> <i>La mise en sc\u00e8ne et ce m\u00e9lange de chant et de gammes de voix. Ce retour au livre a su ponctuer le d\u00e9roulement de l&rsquo;histoire.<\/i> <i>Le rythme tenu jusqu&rsquo;au bout, avec des d\u00e9chirures et des silences.C&rsquo;est dire que j&rsquo;ai \u00e9t\u00e9 s\u00e9duite et l&rsquo;envie d&rsquo;aller \u00e0 la rencontre d&rsquo;Alain Gerber.<\/i> <i>Un grand respect et un grand plaisir pour votre travail \u00e0 deux.<\/i>\u00a0 <strong><em><span style=\"font-size: 10pt;\">Jocelyne B.<\/span><\/em><\/strong><i><br \/><\/i><br \/><span style=\"font-family: Franklin Gothic Medium;\">-Une extraordinaire galerie de personnages dont je me suis sentie tr\u00e8s proche et un texte qui a r\u00e9sonn\u00e9 profond\u00e9ment en moi. Au plus pr\u00e8s de la vie quotidienne, les mots et les relations entre ces personnages d\u2019hier r\u00e9veille des questionnements toujours actuels. Les \u00e9v\u00e8nements de 1936 sont \u00e9voqu\u00e9s par petites touches et viennent nous rappeler la gravit\u00e9 et le r\u00f4le essentiel de cette p\u00e9riode. La com\u00e9dienne se saisit sans artifice de chaque personnage. Alors, nous nous nous laissons embarquer et partageons pleinement leurs peines, leurs joies, leurs interrogations, leurs r\u00e9voltes, leurs d\u00e9bats\u2026 C\u2019est comme s\u2019ils \u00e9taient tous pr\u00e9sents sur la sc\u00e8ne. On aimerait les rejoindre. <strong><em><span style=\"font-size: 10pt;\">Domi<\/span><\/em> <span style=\"font-size: 10pt;\"><em>C<\/em><\/span>.<\/strong><br \/><\/span><\/p>\n<p><span style=\"font-family: book antiqua,palatino,serif;\">\u00ab\u00a0Quel joli voyage au faubourg des Coup-de-Trique ! Anne-Marie Camus incarne avec brio une galerie de personnages touchants, nous sommes en France, dans les ann\u00e9es 30. Les \u00ab\u00a0petites gens\u00a0\u00bb, h\u00e9ros ordinaires dans un monde qui change : Front Populaire et mont\u00e9e du fascisme. Un spectacle\u00a0 g\u00e9n\u00e9reux, po\u00e9tique et profond\u00e9ment humain, o\u00f9\u00a0 les situations des personnages font souvent\u00a0 \u00e9chos \u00e0 nos\u00a0 pr\u00e9occupations actuelles.\u00a0\u00bb <strong>V\u00e9ronique P., Marianne S.<\/strong><\/span><\/p>\n<p><span style=\"font-family: courier new,courier,monospace; font-size: 10pt;\">\u00ab\u00a0Un spectacle \u00e9mouvant par une actrice qui l&rsquo;est tout autant ! Les multiples expressions de son\u00a0 visage nous touchent et nous font rire, les personnages incarn\u00e9s tour \u00e0 tour prennent vie sous nos yeux amus\u00e9s tout au long du spectacle. Ces diff\u00e9rentes histoires de vies crois\u00e9es &#8211; \u00e0 la fin des ann\u00e9es 30 &#8211; transmettent au public des messages d&rsquo;espoir sur une \u00e9poque dure, aussi bien socialement que politiquement, mais o\u00f9 l&rsquo;entraide, la transmission des savoirs, l&rsquo;humain reste au centre de tout. Le texte d&rsquo;Alain Gerber est riche de sens et la mise en sc\u00e8ne de C. Gimat est men\u00e9e avec r\u00e9ussite. En effet, l&rsquo;actrice occupe avec aisance l&rsquo;espace et nous emporte dans son r\u00e9cit, nous ne voyons pas d\u00e9filer le temps par son jeu de sc\u00e8ne, altern\u00e9 parfois de chants hauts en couleur. Encore bravo pour ce nouveau spectacle frais et divertissant !\u00a0\u00bb <strong>Laure L.<\/strong><\/span><\/p>\n<p align=\"LEFT\"><span style=\"font-size: 10pt; color: #000000; font-family: book antiqua,palatino,serif;\">\u00ab\u00a0Un texte magnifique pour dire la lutte des classes, la justice des hommes, l&rsquo;engagement, l&rsquo;humanit\u00e9 toute simple&#8230; La com\u00e9dienne campe et fait vivre plusieurs personnages. Il y a Th\u00e9o, c&rsquo;est un petit gar\u00e7on, il aura entre 7 et 12 ans. Il pose son regard d&rsquo;enfant sur le monde qui l&rsquo;entoure, \u00e0 la fois na\u00eff et terriblement concern\u00e9. Cela se passe dans la cuisine, \u00e0 l&rsquo;\u00e9cole, dans la cour de l&rsquo;usine, sur les boulevards, dans les bars&#8230;On vit avec les habitants du Faubourgs des coups de trique, ils appartiennent \u00e0 la classe ouvri\u00e8re et cela se passe au moment du Front populaire.\u00a0Combats d&rsquo;une autre \u00e9poque qui viennent forc\u00e9ment interroger le pr\u00e9sent. Le propos est actuel puisqu&rsquo;il parle d&rsquo;engagement face aux changements in\u00e9luctables qui se profilent.\u00a0<\/span><span style=\"color: #000000; font-size: 10pt; font-family: book antiqua,palatino,serif;\">Fresque sans concession de la nature humaine o\u00f9 chacun fait comme il peut avec ses peurs, ses certitudes, ses convictions, sa position\u00a0sociale. Le personnage de la m\u00e8re de Th\u00e9o est magistral. En filigrane, la solitude, celle qui touche chacun, riches ou pauvres.\u00a0<\/span><span style=\"font-size: 10pt; color: #000000; font-family: book antiqua,palatino,serif;\">Je ne me suis jamais ennuy\u00e9e, j&rsquo;ai ri, j&rsquo;ai \u00e9t\u00e9 \u00e9mue, admirative, parfois g\u00ean\u00e9e puis rassur\u00e9e. Je suis ressortie sans illusion mais avec un sentiment de tendresse pour la condition humaine.\u00a0 <\/span><span style=\"color: #3333ff;\"><span style=\"font-size: 10pt; color: #000000; font-family: book antiqua,palatino,serif;\">BRAVO !!!!!\u00a0\u00a0\u00a0\u00a0\u00a0\u00a0\u00a0\u00a0<strong> <em>Marianne B.<\/em><\/strong><\/span><i><br \/><\/i><\/span><\/p>\n<p align=\"LEFT\"><span style=\"font-family: symbol; font-size: 12pt; color: #000000;\">Les personnages d\u2019Alain Gerber \u00e0 Belfort dans ces ann\u00e9es juste avant la guerre ont pris chair par ta voix. Beaucoup d\u2019\u00e9motion&#8230;, de celle que j\u2019avais rencontr\u00e9e pr\u00e9c\u00e9demment avec Mme Janine dans Monsieur To\u00f1o. <\/span><span style=\"color: #3333ff;\"><span style=\"font-size: large;\"><span style=\"font-family: symbol; font-size: 12pt; color: #000000;\">Il faut que l\u2019on conjugue nos efforts pour que d\u2019autres partagent l\u2019\u00e9motion et le plaisir que l\u2019on a eus tous et toutes vendredi dernier au Th\u00e9\u00e2tre du Chien Blanc et que d\u2019autres voient ce spectacle.<strong><em> Marie K.<\/em><\/strong><\/span><br \/><\/span><\/span><\/p>\n<p class=\"western\">D\u2019abord il y a le r\u00e9cit. Biographie au plus pr\u00e8s des r\u00e9alit\u00e9s du monde ouvrier de l\u2019\u00e9poque, \u00e9vocation authentique et vivante d\u2019un quotidien prol\u00e9taire, de ses valeurs comme de ses contradictions\u2026 Puis il y a la com\u00e9dienne, camp\u00e9e seule en toute sobri\u00e9t\u00e9 et nous voil\u00e0 en pr\u00e9sence de toute la famille de Th\u00e9o, au c\u0153ur des r\u00e9pliques et de leur justesse\u2026On voit, on sent, on est avec le petit gar\u00e7on, son p\u00e8re, sa m\u00e8re et tous ceux qui gravitent l\u00e0\u2026On chemine et on grandit avec lui et son grand ami privil\u00e9gi\u00e9. On partage engagements et croyances, on s\u2019indigne, \u00a0on fait la f\u00eate, on rit. On entre en r\u00e9sonance\u2026Pas de d\u00e9cor, juste un gu\u00e9ridon qui abrite un livre, comme un petit livre d\u2019heures, rejoint \u00e0 plusieurs reprises pour des lectures qui ponctuent la mise en sc\u00e8ne et donnent une respiration\u2026Pas de costume mais une tenue dont la discr\u00e8te \u00e9l\u00e9gance s\u2019accorde \u00e0 la dignit\u00e9 de cette \u00ab\u00a0France d\u2019en bas\u00a0\u00bb\u2026Pas des personnages mais des \u00ab personnes \u00bb dont on re\u00e7oit l\u2019humanit\u00e9 le temps d\u2019une \u00e9mouvante pr\u00e9sentation. Merci. <span style=\"color: #000000;\"><strong>Annick B<\/strong><\/span><\/p>\n\n\n<p><\/p>\n","protected":false},"excerpt":{"rendered":"<p>[Extraits du cahier du m\u00eame nom mis \u00e0 disposition du public et des organisateurs] &#8211;Tous les \u00e9l\u00e9ments de la construction du spectacle : passages du livre choisis, sobri\u00e9t\u00e9 extr\u00eame de la sc\u00e9nographie, clart\u00e9 de la mise en sc\u00e8ne, pr\u00e9cision de la direction d\u2019acteur et engagement de la com\u00e9dienne, concourent \u00e0 nous rendre vivants et pr\u00e9sents &hellip; <a href=\"http:\/\/annemariecamus.erleko.eu\/wordpress\/?page_id=945\" class=\"more-link\">Continuer la lecture de <span class=\"screen-reader-text\">Echos du spectacle<\/span> <span class=\"meta-nav\">&rarr;<\/span><\/a><\/p>\n","protected":false},"author":1,"featured_media":0,"parent":0,"menu_order":0,"comment_status":"closed","ping_status":"closed","template":"","meta":{"footnotes":""},"_links":{"self":[{"href":"http:\/\/annemariecamus.erleko.eu\/wordpress\/index.php?rest_route=\/wp\/v2\/pages\/945"}],"collection":[{"href":"http:\/\/annemariecamus.erleko.eu\/wordpress\/index.php?rest_route=\/wp\/v2\/pages"}],"about":[{"href":"http:\/\/annemariecamus.erleko.eu\/wordpress\/index.php?rest_route=\/wp\/v2\/types\/page"}],"author":[{"embeddable":true,"href":"http:\/\/annemariecamus.erleko.eu\/wordpress\/index.php?rest_route=\/wp\/v2\/users\/1"}],"replies":[{"embeddable":true,"href":"http:\/\/annemariecamus.erleko.eu\/wordpress\/index.php?rest_route=%2Fwp%2Fv2%2Fcomments&post=945"}],"version-history":[{"count":32,"href":"http:\/\/annemariecamus.erleko.eu\/wordpress\/index.php?rest_route=\/wp\/v2\/pages\/945\/revisions"}],"predecessor-version":[{"id":1122,"href":"http:\/\/annemariecamus.erleko.eu\/wordpress\/index.php?rest_route=\/wp\/v2\/pages\/945\/revisions\/1122"}],"wp:attachment":[{"href":"http:\/\/annemariecamus.erleko.eu\/wordpress\/index.php?rest_route=%2Fwp%2Fv2%2Fmedia&parent=945"}],"curies":[{"name":"wp","href":"https:\/\/api.w.org\/{rel}","templated":true}]}}