{"id":334,"date":"2013-11-15T12:48:42","date_gmt":"2013-11-15T10:48:42","guid":{"rendered":"http:\/\/127.0.0.1:4001\/wordpress\/?page_id=334"},"modified":"2019-03-29T13:44:13","modified_gmt":"2019-03-29T15:44:13","slug":"lire-et-dire-a-haute-voix-ecrire","status":"publish","type":"page","link":"https:\/\/annemariecamus.erleko.eu\/wordpress\/?page_id=334","title":{"rendered":"Lire et dire \u00e0 haute voix, \u00e9crire"},"content":{"rendered":"<p style=\"text-align: justify;\">Il s&rsquo;agit le plus souvent d&rsquo;une <span style=\"color: #3366ff;\"><b>cr\u00e9ation collective<\/b><\/span> aboutissant \u00e0 une <span style=\"color: #0070e0;\"><span style=\"color: #3366ff;\"><b>pr\u00e9sentation publique<\/b><\/span> :<\/span> dire ou lire des textes \u00e9crits par les participants eux-m\u00eames ou\/et des textes d&rsquo;auteurs. Ceux-ci peuvent appartenir \u00e0 diff\u00e9rents genres\u00a0: po\u00e9sie, th\u00e9\u00e2tre, conte, nouvelle, roman&#8230; tout texte long ou bref\u00a0!<\/p>\n<p style=\"text-align: justify;\">Dire ces textes dans un espace choisi et une dur\u00e9e d\u00e9termin\u00e9e, avec des interventions \u00ab\u00a0chorales\u00a0\u00bb et aussi de \u00ab\u00a0solistes\u00a0\u00bb. Utiliser la voix parl\u00e9e, parl\u00e9e-rythm\u00e9e, la voix chant\u00e9e.<\/p>\n<p style=\"text-align: justify;\">S&rsquo;amuser, oui\u00a0. Retrouver le go\u00fbt de jouer. Se mobiliser. Porter son attention sur le corps, l&rsquo;espace, l&rsquo;Autre. S&rsquo;essayer \u00e0 vivre du Nouveau et pouvoir s&rsquo;appuyer sur l&rsquo;intervenante si besoin est.<\/p>\n<p style=\"text-align: justify;\"><span style=\"color: #3366ff;\">Dans la plupart des projets, <strong>la d\u00e9marche p\u00e9dagogique<\/strong> se construit\u00a0\u00e0 partir\u00a0:<\/span><\/p>\n<ul style=\"list-style-type: circle; text-align: justify;\">\n<li>de l&rsquo;affirmation de l&rsquo;identit\u00e9 et les connaissances des participants<\/li>\n<\/ul>\n<ul style=\"list-style-type: circle; text-align: justify;\">\n<li>\u00a0de techniques th\u00e9\u00e2trales<\/li>\n<\/ul>\n<ul style=\"list-style-type: circle; text-align: justify;\">\n<li>d&rsquo;une prise de conscience corporelle<\/li>\n<\/ul>\n<h4 style=\"text-align: justify;\">\u00a0<span style=\"color: #3366ff;\">Quelques \u00e9l\u00e9ments de liste<\/span><\/h4>\n<ul style=\"list-style-type: circle; text-align: justify;\">\n<li><span style=\"color: #3366ff;\"><b>50<\/b><\/span> actions en<span style=\"color: #3366ff;\"><b> 10 ans<\/b> <\/span>avec des collaborations sur plusieurs ann\u00e9es. Depuis <span style=\"color: #3366ff;\">Septembre 2014, <span style=\"color: #000000;\">l&rsquo;<\/span><span style=\"color: #000000;\">action des<\/span><span style=\"font-size: 14pt;\"><strong> \u00ab\u00a0HAUT-PARLEURS\u00a0\u00bb<\/strong><\/span><span style=\"color: #000000;\"> vient \u00e0 la rencontre des habitants, en diff\u00e9rents points du<\/span> Gers, <span style=\"color: #000000;\">et aussi du<\/span> Tarn-et-Garonne. <b><br \/>\n<\/b><\/span><\/li>\n<li><span style=\"color: #0070e0;\"><span style=\"color: #3366ff;\"><span style=\"color: #000000;\">avec pour<\/span><b> partenaires<\/b>\u00a0<\/span>:<\/span> des collectivit\u00e9s territoriales, le Fond Social Europ\u00e9en, \u00a0 \u00a0 \u00a0 \u00a0 \u00a0 \u00a0 \u00a0 l&rsquo;Administration p\u00e9nitentiaire, des associations d&rsquo;insertion, de formation, d&rsquo;autres culturelles et de loisirs, des\u00a0\u00a0particuliers.<\/li>\n<li><span style=\"color: #3366ff;\"><strong>50 pr\u00e9sentations publiques<\/strong> <\/span>du travail\u00a0 artistique r\u00e9alis\u00e9<\/li>\n<li><span style=\"color: #3366ff;\"><span style=\"color: #000000;\">dans des<\/span> <b>univers vari\u00e9s<\/b>\u00a0:<\/span> maison d&rsquo;arr\u00eat, salons du Livre, Mairies, H\u00f4tel du d\u00e9partement, centres sociaux, galerie d&rsquo;art, \u00e9cole de cirque, \u00e9cole de th\u00e9\u00e2tre, jardins, etc<\/li>\n<\/ul>\n<p style=\"text-align: justify;\">\n","protected":false},"excerpt":{"rendered":"<p>Il s&rsquo;agit le plus souvent d&rsquo;une cr\u00e9ation collective aboutissant \u00e0 une pr\u00e9sentation publique : dire ou lire des textes \u00e9crits par les participants eux-m\u00eames ou\/et des textes d&rsquo;auteurs. Ceux-ci peuvent appartenir \u00e0 diff\u00e9rents genres\u00a0: po\u00e9sie, th\u00e9\u00e2tre, conte, nouvelle, roman&#8230; tout texte long ou bref\u00a0! Dire ces textes dans un espace choisi et une dur\u00e9e d\u00e9termin\u00e9e, &hellip; <a href=\"https:\/\/annemariecamus.erleko.eu\/wordpress\/?page_id=334\" class=\"more-link\">Continuer la lecture de <span class=\"screen-reader-text\">Lire et dire \u00e0 haute voix, \u00e9crire<\/span> <span class=\"meta-nav\">&rarr;<\/span><\/a><\/p>\n","protected":false},"author":1,"featured_media":0,"parent":0,"menu_order":0,"comment_status":"closed","ping_status":"closed","template":"","meta":{"footnotes":""},"_links":{"self":[{"href":"https:\/\/annemariecamus.erleko.eu\/wordpress\/index.php?rest_route=\/wp\/v2\/pages\/334"}],"collection":[{"href":"https:\/\/annemariecamus.erleko.eu\/wordpress\/index.php?rest_route=\/wp\/v2\/pages"}],"about":[{"href":"https:\/\/annemariecamus.erleko.eu\/wordpress\/index.php?rest_route=\/wp\/v2\/types\/page"}],"author":[{"embeddable":true,"href":"https:\/\/annemariecamus.erleko.eu\/wordpress\/index.php?rest_route=\/wp\/v2\/users\/1"}],"replies":[{"embeddable":true,"href":"https:\/\/annemariecamus.erleko.eu\/wordpress\/index.php?rest_route=%2Fwp%2Fv2%2Fcomments&post=334"}],"version-history":[{"count":22,"href":"https:\/\/annemariecamus.erleko.eu\/wordpress\/index.php?rest_route=\/wp\/v2\/pages\/334\/revisions"}],"predecessor-version":[{"id":1043,"href":"https:\/\/annemariecamus.erleko.eu\/wordpress\/index.php?rest_route=\/wp\/v2\/pages\/334\/revisions\/1043"}],"wp:attachment":[{"href":"https:\/\/annemariecamus.erleko.eu\/wordpress\/index.php?rest_route=%2Fwp%2Fv2%2Fmedia&parent=334"}],"curies":[{"name":"wp","href":"https:\/\/api.w.org\/{rel}","templated":true}]}}